{"id":1505,"date":"2015-08-05T17:56:47","date_gmt":"2015-08-05T17:56:47","guid":{"rendered":"https:\/\/marbellaairporttransfer.com\/pagina-de-reservas\/"},"modified":"2025-01-22T19:56:07","modified_gmt":"2025-01-22T19:56:07","slug":"pagina-de-reservas","status":"publish","type":"page","link":"https:\/\/marbellaairporttransfer.com\/es\/pagina-de-reservas\/","title":{"rendered":"P\u00e1gina de reservas"},"content":{"rendered":"\n<p style=\"text-align: justify; font-size: 17px;\">Estimado cliente,<\/p>\n<p style=\"text-align: justify; font-size: 17px;\">Gracias por elegir MarbeTaxi para tus necesidades de traslado. Antes de finalizar tu reserva, queremos informarte de que uno de los miembros de nuestro equipo procesar\u00e1 tu solicitud y te enviar\u00e1 un correo electr\u00f3nico de confirmaci\u00f3n una vez que haya sido aprobada. Ten en cuenta que <b>TU TRASLADO NO EST\u00c1 CONFIRMADO HASTA QUE RECIBAS UN CORREO ELECTR\u00d3NICO DE CONFIRMACI\u00d3N DE NUESTRO PAR<\/b>TE. Esta confirmaci\u00f3n se enviar\u00e1 en las horas siguientes a tu solicitud de reserva, durante nuestro horario habitual de oficina.   <\/p>\n<p style=\"text-align: justify; font-size: 17px;\">Si tu traslado est\u00e1 programado dentro de las pr\u00f3ximas 24 horas, ponte en contacto con nosotros lo antes posible por <a href=\"https:\/\/api.whatsapp.com\/send?phone=+34679779423\" target=\"_blank\" rel=\"noopener\">WhatsApp<\/a> o por tel\u00e9fono en el <a href=\"tel:+34679779423\">+34 679 779 423<\/a>.<\/p>\n<p style=\"text-align: justify; font-size: 17px;\">Saludos cordiales,<\/p>\n<p style=\"text-align: justify; font-size: 17px;\"><b>Equipo MarbeTaxi<\/b><\/p>\n\n","protected":false},"excerpt":{"rendered":"<p>Estimado cliente, Gracias por elegir MarbeTaxi para tus necesidades de traslado. Antes de finalizar tu reserva, queremos informarte de que uno de los miembros de nuestro equipo procesar\u00e1 tu solicitud y te enviar\u00e1 un correo electr\u00f3nico de confirmaci\u00f3n una vez que haya sido aprobada. Ten en cuenta que TU TRASLADO NO EST\u00c1 CONFIRMADO HASTA QUE [&hellip;]<\/p>\n","protected":false},"author":1,"featured_media":0,"parent":0,"menu_order":0,"comment_status":"open","ping_status":"closed","template":"page-booking-form.php","meta":{"_monsterinsights_skip_tracking":false,"_monsterinsights_sitenote_active":false,"_monsterinsights_sitenote_note":"","_monsterinsights_sitenote_category":0,"footnotes":""},"class_list":["post-1505","page","type-page","status-publish","hentry"],"yoast_head":"<!-- This site is optimized with the Yoast SEO plugin v27.5 - https:\/\/yoast.com\/product\/yoast-seo-wordpress\/ -->\n<title>Marbella Airport Transfers | MarbeTaxi<\/title>\n<meta name=\"description\" content=\"Marbella Airport Transfers: Luxury Taxi services by MarbeTaxi from Malaga Airport to Marbella. Travel with comfort and safety\" \/>\n<meta name=\"robots\" content=\"index, nofollow, max-snippet:-1, max-image-preview:large, max-video-preview:-1\" \/>\n<link rel=\"canonical\" href=\"https:\/\/marbellaairporttransfer.com\/es\/pagina-de-reservas\/\" \/>\n<meta property=\"og:locale\" content=\"es_ES\" \/>\n<meta property=\"og:type\" content=\"article\" \/>\n<meta property=\"og:title\" content=\"Marbella Airport Transfers | MarbeTaxi\" \/>\n<meta property=\"og:description\" content=\"Marbella Airport Transfers: Luxury Taxi services by MarbeTaxi from Malaga Airport to Marbella. Travel with comfort and safety\" \/>\n<meta property=\"og:url\" content=\"https:\/\/marbellaairporttransfer.com\/es\/pagina-de-reservas\/\" \/>\n<meta property=\"og:site_name\" content=\"MarbeTaxi\" \/>\n<meta property=\"article:publisher\" content=\"https:\/\/www.facebook.com\/MarbeTaxi\" \/>\n<meta property=\"article:modified_time\" content=\"2025-01-22T19:56:07+00:00\" \/>\n<meta name=\"twitter:card\" content=\"summary_large_image\" \/>\n<meta name=\"twitter:label1\" content=\"Tiempo de lectura\" \/>\n\t<meta name=\"twitter:data1\" content=\"1 minuto\" \/>\n<script type=\"application\/ld+json\" class=\"yoast-schema-graph\">{\"@context\":\"https:\\\/\\\/schema.org\",\"@graph\":[{\"@type\":\"WebPage\",\"@id\":\"https:\\\/\\\/marbellaairporttransfer.com\\\/es\\\/pagina-de-reservas\\\/\",\"url\":\"https:\\\/\\\/marbellaairporttransfer.com\\\/es\\\/pagina-de-reservas\\\/\",\"name\":\"Marbella Airport Transfers | MarbeTaxi\",\"isPartOf\":{\"@id\":\"https:\\\/\\\/marbellaairporttransfer.com\\\/es\\\/#website\"},\"datePublished\":\"2015-08-05T17:56:47+00:00\",\"dateModified\":\"2025-01-22T19:56:07+00:00\",\"description\":\"Marbella Airport Transfers: Luxury Taxi services by MarbeTaxi from Malaga Airport to Marbella. Travel with comfort and safety\",\"breadcrumb\":{\"@id\":\"https:\\\/\\\/marbellaairporttransfer.com\\\/es\\\/pagina-de-reservas\\\/#breadcrumb\"},\"inLanguage\":\"es\",\"potentialAction\":[{\"@type\":\"ReadAction\",\"target\":[\"https:\\\/\\\/marbellaairporttransfer.com\\\/es\\\/pagina-de-reservas\\\/\"]}]},{\"@type\":\"BreadcrumbList\",\"@id\":\"https:\\\/\\\/marbellaairporttransfer.com\\\/es\\\/pagina-de-reservas\\\/#breadcrumb\",\"itemListElement\":[{\"@type\":\"ListItem\",\"position\":1,\"name\":\"Home\",\"item\":\"https:\\\/\\\/marbellaairporttransfer.com\\\/es\\\/\"},{\"@type\":\"ListItem\",\"position\":2,\"name\":\"P\u00e1gina de reservas\"}]},{\"@type\":\"WebSite\",\"@id\":\"https:\\\/\\\/marbellaairporttransfer.com\\\/es\\\/#website\",\"url\":\"https:\\\/\\\/marbellaairporttransfer.com\\\/es\\\/\",\"name\":\"Marbella Airport Transfers\",\"description\":\"Marbella Transfers | Taxi Aeropuerto de M\u00e1laga\",\"publisher\":{\"@id\":\"https:\\\/\\\/marbellaairporttransfer.com\\\/es\\\/#organization\"},\"potentialAction\":[{\"@type\":\"SearchAction\",\"target\":{\"@type\":\"EntryPoint\",\"urlTemplate\":\"https:\\\/\\\/marbellaairporttransfer.com\\\/es\\\/?s={search_term_string}\"},\"query-input\":{\"@type\":\"PropertyValueSpecification\",\"valueRequired\":true,\"valueName\":\"search_term_string\"}}],\"inLanguage\":\"es\"},{\"@type\":\"Organization\",\"@id\":\"https:\\\/\\\/marbellaairporttransfer.com\\\/es\\\/#organization\",\"name\":\"MarbeTaxi\",\"url\":\"https:\\\/\\\/marbellaairporttransfer.com\\\/es\\\/\",\"logo\":{\"@type\":\"ImageObject\",\"inLanguage\":\"es\",\"@id\":\"https:\\\/\\\/marbellaairporttransfer.com\\\/es\\\/#\\\/schema\\\/logo\\\/image\\\/\",\"url\":\"https:\\\/\\\/marbellaairporttransfer.com\\\/wp-content\\\/uploads\\\/2015\\\/08\\\/cropped-LOGO-MarbeTaxi-2-2.jpg\",\"contentUrl\":\"https:\\\/\\\/marbellaairporttransfer.com\\\/wp-content\\\/uploads\\\/2015\\\/08\\\/cropped-LOGO-MarbeTaxi-2-2.jpg\",\"width\":411,\"height\":46,\"caption\":\"MarbeTaxi\"},\"image\":{\"@id\":\"https:\\\/\\\/marbellaairporttransfer.com\\\/es\\\/#\\\/schema\\\/logo\\\/image\\\/\"},\"sameAs\":[\"https:\\\/\\\/www.facebook.com\\\/MarbeTaxi\",\"https:\\\/\\\/www.instagram.com\\\/MarbeTaxi\"]}]}<\/script>\n<!-- \/ Yoast SEO plugin. -->","yoast_head_json":{"title":"Marbella Airport Transfers | MarbeTaxi","description":"Marbella Airport Transfers: Luxury Taxi services by MarbeTaxi from Malaga Airport to Marbella. Travel with comfort and safety","robots":{"index":"index","follow":"nofollow","max-snippet":"max-snippet:-1","max-image-preview":"max-image-preview:large","max-video-preview":"max-video-preview:-1"},"canonical":"https:\/\/marbellaairporttransfer.com\/es\/pagina-de-reservas\/","og_locale":"es_ES","og_type":"article","og_title":"Marbella Airport Transfers | MarbeTaxi","og_description":"Marbella Airport Transfers: Luxury Taxi services by MarbeTaxi from Malaga Airport to Marbella. Travel with comfort and safety","og_url":"https:\/\/marbellaairporttransfer.com\/es\/pagina-de-reservas\/","og_site_name":"MarbeTaxi","article_publisher":"https:\/\/www.facebook.com\/MarbeTaxi","article_modified_time":"2025-01-22T19:56:07+00:00","twitter_card":"summary_large_image","twitter_misc":{"Tiempo de lectura":"1 minuto"},"schema":{"@context":"https:\/\/schema.org","@graph":[{"@type":"WebPage","@id":"https:\/\/marbellaairporttransfer.com\/es\/pagina-de-reservas\/","url":"https:\/\/marbellaairporttransfer.com\/es\/pagina-de-reservas\/","name":"Marbella Airport Transfers | MarbeTaxi","isPartOf":{"@id":"https:\/\/marbellaairporttransfer.com\/es\/#website"},"datePublished":"2015-08-05T17:56:47+00:00","dateModified":"2025-01-22T19:56:07+00:00","description":"Marbella Airport Transfers: Luxury Taxi services by MarbeTaxi from Malaga Airport to Marbella. Travel with comfort and safety","breadcrumb":{"@id":"https:\/\/marbellaairporttransfer.com\/es\/pagina-de-reservas\/#breadcrumb"},"inLanguage":"es","potentialAction":[{"@type":"ReadAction","target":["https:\/\/marbellaairporttransfer.com\/es\/pagina-de-reservas\/"]}]},{"@type":"BreadcrumbList","@id":"https:\/\/marbellaairporttransfer.com\/es\/pagina-de-reservas\/#breadcrumb","itemListElement":[{"@type":"ListItem","position":1,"name":"Home","item":"https:\/\/marbellaairporttransfer.com\/es\/"},{"@type":"ListItem","position":2,"name":"P\u00e1gina de reservas"}]},{"@type":"WebSite","@id":"https:\/\/marbellaairporttransfer.com\/es\/#website","url":"https:\/\/marbellaairporttransfer.com\/es\/","name":"Marbella Airport Transfers","description":"Marbella Transfers | Taxi Aeropuerto de M\u00e1laga","publisher":{"@id":"https:\/\/marbellaairporttransfer.com\/es\/#organization"},"potentialAction":[{"@type":"SearchAction","target":{"@type":"EntryPoint","urlTemplate":"https:\/\/marbellaairporttransfer.com\/es\/?s={search_term_string}"},"query-input":{"@type":"PropertyValueSpecification","valueRequired":true,"valueName":"search_term_string"}}],"inLanguage":"es"},{"@type":"Organization","@id":"https:\/\/marbellaairporttransfer.com\/es\/#organization","name":"MarbeTaxi","url":"https:\/\/marbellaairporttransfer.com\/es\/","logo":{"@type":"ImageObject","inLanguage":"es","@id":"https:\/\/marbellaairporttransfer.com\/es\/#\/schema\/logo\/image\/","url":"https:\/\/marbellaairporttransfer.com\/wp-content\/uploads\/2015\/08\/cropped-LOGO-MarbeTaxi-2-2.jpg","contentUrl":"https:\/\/marbellaairporttransfer.com\/wp-content\/uploads\/2015\/08\/cropped-LOGO-MarbeTaxi-2-2.jpg","width":411,"height":46,"caption":"MarbeTaxi"},"image":{"@id":"https:\/\/marbellaairporttransfer.com\/es\/#\/schema\/logo\/image\/"},"sameAs":["https:\/\/www.facebook.com\/MarbeTaxi","https:\/\/www.instagram.com\/MarbeTaxi"]}]}},"_links":{"self":[{"href":"https:\/\/marbellaairporttransfer.com\/es\/wp-json\/wp\/v2\/pages\/1505","targetHints":{"allow":["GET"]}}],"collection":[{"href":"https:\/\/marbellaairporttransfer.com\/es\/wp-json\/wp\/v2\/pages"}],"about":[{"href":"https:\/\/marbellaairporttransfer.com\/es\/wp-json\/wp\/v2\/types\/page"}],"author":[{"embeddable":true,"href":"https:\/\/marbellaairporttransfer.com\/es\/wp-json\/wp\/v2\/users\/1"}],"replies":[{"embeddable":true,"href":"https:\/\/marbellaairporttransfer.com\/es\/wp-json\/wp\/v2\/comments?post=1505"}],"version-history":[{"count":2,"href":"https:\/\/marbellaairporttransfer.com\/es\/wp-json\/wp\/v2\/pages\/1505\/revisions"}],"predecessor-version":[{"id":1704,"href":"https:\/\/marbellaairporttransfer.com\/es\/wp-json\/wp\/v2\/pages\/1505\/revisions\/1704"}],"wp:attachment":[{"href":"https:\/\/marbellaairporttransfer.com\/es\/wp-json\/wp\/v2\/media?parent=1505"}],"curies":[{"name":"wp","href":"https:\/\/api.w.org\/{rel}","templated":true}]}}