{"id":1474,"date":"2023-04-15T12:38:36","date_gmt":"2023-04-15T12:38:36","guid":{"rendered":"https:\/\/marbellaairporttransfer.com\/precios\/"},"modified":"2025-01-22T19:56:38","modified_gmt":"2025-01-22T19:56:38","slug":"precios","status":"publish","type":"page","link":"https:\/\/marbellaairporttransfer.com\/es\/precios\/","title":{"rendered":"Precios"},"content":{"rendered":"\n<p style=\"font-size: 20px; text-align: justify\">Esta lista de precios se refiere a cada trayecto de ida desde\/hasta el Aeropuerto de M\u00e1laga, seg\u00fan el destino y el veh\u00edculo elegidos. Todos los servicios Ejecutivos incluyen ya el coste del peaje para las rutas disponibles. <strong>Los precios est\u00e1n expresados en moneda local (euros)<\/strong>. No es necesario pagar online por adelantado; puedes pagar directamente a tu conductor al final de cada viaje, en efectivo o con tarjeta de cr\u00e9dito.  <\/p>\n\n<table id=\"tablepress-1\" class=\"tablepress tablepress-id-1\">\n<thead>\n<tr class=\"row-1\">\n\t<th class=\"column-1\">From\/to<br \/>\nMalaga<br \/>\nAirport:<br \/>\n<\/th><th class=\"column-2\">1-4 PAX<br \/>\nStandard Sedan<\/th><th class=\"column-3\">1-4 PAX <br \/>\nExecutive sedan<br \/>\nwith tolls<\/th><th class=\"column-4\">5-7 PAX<br \/>\nStandard<br \/>\nMinivan<br \/>\n<\/th><th class=\"column-5\">5-7PAX<br \/>\nExecutive<br \/>\nMinivan<br \/>\nwith tolls<\/th>\n<\/tr>\n<\/thead>\n<tbody class=\"row-striping row-hover\">\n<tr class=\"row-2\">\n\t<td class=\"column-1\">ALCAIDESA<\/td><td class=\"column-2\">130<\/td><td class=\"column-3\">170<\/td><td class=\"column-4\">175<\/td><td class=\"column-5\">215<\/td>\n<\/tr>\n<tr class=\"row-3\">\n\t<td class=\"column-1\">ALGECIRAS<\/td><td class=\"column-2\">150<\/td><td class=\"column-3\">190<\/td><td class=\"column-4\">195<\/td><td class=\"column-5\">235<\/td>\n<\/tr>\n<tr class=\"row-4\">\n\t<td class=\"column-1\">ALHAURIN EL GRANDE<\/td><td class=\"column-2\">70<\/td><td class=\"column-3\">90<\/td><td class=\"column-4\">95<\/td><td class=\"column-5\">115<\/td>\n<\/tr>\n<tr class=\"row-5\">\n\t<td class=\"column-1\">ALMUNECAR<\/td><td class=\"column-2\">110<\/td><td class=\"column-3\">130<\/td><td class=\"column-4\">150<\/td><td class=\"column-5\">170<\/td>\n<\/tr>\n<tr class=\"row-6\">\n\t<td class=\"column-1\">ANTEQUERA<\/td><td class=\"column-2\">90<\/td><td class=\"column-3\">115<\/td><td class=\"column-4\">120<\/td><td class=\"column-5\">140<\/td>\n<\/tr>\n<tr class=\"row-7\">\n\t<td class=\"column-1\">BENAHAVIS<\/td><td class=\"column-2\">90<\/td><td class=\"column-3\">125<\/td><td class=\"column-4\">140<\/td><td class=\"column-5\">175<\/td>\n<\/tr>\n<tr class=\"row-8\">\n\t<td class=\"column-1\">BENALMADENA<\/td><td class=\"column-2\">42<\/td><td class=\"column-3\">52<\/td><td class=\"column-4\">57<\/td><td class=\"column-5\">72<\/td>\n<\/tr>\n<tr class=\"row-9\">\n\t<td class=\"column-1\">CABOPINO<\/td><td class=\"column-2\">65<\/td><td class=\"column-3\">80<\/td><td class=\"column-4\">95<\/td><td class=\"column-5\">115<\/td>\n<\/tr>\n<tr class=\"row-10\">\n\t<td class=\"column-1\">CALAHONDA (MIJAS)<\/td><td class=\"column-2\">60<\/td><td class=\"column-3\">75<\/td><td class=\"column-4\">88<\/td><td class=\"column-5\">108<\/td>\n<\/tr>\n<tr class=\"row-11\">\n\t<td class=\"column-1\">CANCELADA<\/td><td class=\"column-2\">90<\/td><td class=\"column-3\">125<\/td><td class=\"column-4\">140<\/td><td class=\"column-5\">175<\/td>\n<\/tr>\n<tr class=\"row-12\">\n\t<td class=\"column-1\">CORDOBA<\/td><td class=\"column-2\">210<\/td><td class=\"column-3\">250<\/td><td class=\"column-4\">280<\/td><td class=\"column-5\">320<\/td>\n<\/tr>\n<tr class=\"row-13\">\n\t<td class=\"column-1\">DUQUESA<\/td><td class=\"column-2\">110<\/td><td class=\"column-3\">140<\/td><td class=\"column-4\">150<\/td><td class=\"column-5\">190<\/td>\n<\/tr>\n<tr class=\"row-14\">\n\t<td class=\"column-1\">ELVIRIA<\/td><td class=\"column-2\">68<\/td><td class=\"column-3\">82<\/td><td class=\"column-4\">98<\/td><td class=\"column-5\">118<\/td>\n<\/tr>\n<tr class=\"row-15\">\n\t<td class=\"column-1\">ESTEPONA<\/td><td class=\"column-2\">95<\/td><td class=\"column-3\">135<\/td><td class=\"column-4\">150<\/td><td class=\"column-5\">185<\/td>\n<\/tr>\n<tr class=\"row-16\">\n\t<td class=\"column-1\">FRIGILIANA<\/td><td class=\"column-2\">90<\/td><td class=\"column-3\">110<\/td><td class=\"column-4\">115<\/td><td class=\"column-5\">135<\/td>\n<\/tr>\n<tr class=\"row-17\">\n\t<td class=\"column-1\">FUENGIROLA<\/td><td class=\"column-2\">50<\/td><td class=\"column-3\">65<\/td><td class=\"column-4\">70<\/td><td class=\"column-5\">85<\/td>\n<\/tr>\n<tr class=\"row-18\">\n\t<td class=\"column-1\">GIBRALTAR BORDER<\/td><td class=\"column-2\">145<\/td><td class=\"column-3\">185<\/td><td class=\"column-4\">195<\/td><td class=\"column-5\">235<\/td>\n<\/tr>\n<tr class=\"row-19\">\n\t<td class=\"column-1\">GRANADA CITY<\/td><td class=\"column-2\">160<\/td><td class=\"column-3\">190<\/td><td class=\"column-4\">200<\/td><td class=\"column-5\">235<\/td>\n<\/tr>\n<tr class=\"row-20\">\n\t<td class=\"column-1\">GUADALMINA<\/td><td class=\"column-2\">85<\/td><td class=\"column-3\">120<\/td><td class=\"column-4\">135<\/td><td class=\"column-5\">170<\/td>\n<\/tr>\n<tr class=\"row-21\">\n\t<td class=\"column-1\">LA HERRADURA<\/td><td class=\"column-2\">105<\/td><td class=\"column-3\">125<\/td><td class=\"column-4\">145<\/td><td class=\"column-5\">165<\/td>\n<\/tr>\n<tr class=\"row-22\">\n\t<td class=\"column-1\">LA LINEA<\/td><td class=\"column-2\">145<\/td><td class=\"column-3\">185<\/td><td class=\"column-4\">195<\/td><td class=\"column-5\">235<\/td>\n<\/tr>\n<tr class=\"row-23\">\n\t<td class=\"column-1\">LAS CHAPAS<\/td><td class=\"column-2\">65<\/td><td class=\"column-3\">80<\/td><td class=\"column-4\">95<\/td><td class=\"column-5\">115<\/td>\n<\/tr>\n<tr class=\"row-24\">\n\t<td class=\"column-1\">MALAGA CITY<\/td><td class=\"column-2\">40<\/td><td class=\"column-3\">50<\/td><td class=\"column-4\">55<\/td><td class=\"column-5\">70<\/td>\n<\/tr>\n<tr class=\"row-25\">\n\t<td class=\"column-1\">MANILVA<\/td><td class=\"column-2\">115<\/td><td class=\"column-3\">145<\/td><td class=\"column-4\">155<\/td><td class=\"column-5\">195<\/td>\n<\/tr>\n<tr class=\"row-26\">\n\t<td class=\"column-1\">MARBELLA CENTRE<\/td><td class=\"column-2\">72<\/td><td class=\"column-3\">98<\/td><td class=\"column-4\">105<\/td><td class=\"column-5\">135<\/td>\n<\/tr>\n<tr class=\"row-27\">\n\t<td class=\"column-1\">MIJAS COSTA - LA CALA DE MIJAS<\/td><td class=\"column-2\">55<\/td><td class=\"column-3\">70<\/td><td class=\"column-4\">75<\/td><td class=\"column-5\">95<\/td>\n<\/tr>\n<tr class=\"row-28\">\n\t<td class=\"column-1\">MIJAS PUEBLO (old town Mijas)<\/td><td class=\"column-2\">50<\/td><td class=\"column-3\">65<\/td><td class=\"column-4\">70<\/td><td class=\"column-5\">85<\/td>\n<\/tr>\n<tr class=\"row-29\">\n\t<td class=\"column-1\">MOTRIL<\/td><td class=\"column-2\">140<\/td><td class=\"column-3\">165<\/td><td class=\"column-4\">170<\/td><td class=\"column-5\">200<\/td>\n<\/tr>\n<tr class=\"row-30\">\n\t<td class=\"column-1\">NERJA<\/td><td class=\"column-2\">85<\/td><td class=\"column-3\">105<\/td><td class=\"column-4\">110<\/td><td class=\"column-5\">130<\/td>\n<\/tr>\n<tr class=\"row-31\">\n\t<td class=\"column-1\">NUEVA ANDALUCIA<\/td><td class=\"column-2\">82<\/td><td class=\"column-3\">107<\/td><td class=\"column-4\">120<\/td><td class=\"column-5\">150<\/td>\n<\/tr>\n<tr class=\"row-32\">\n\t<td class=\"column-1\">PUERTO BANUS<\/td><td class=\"column-2\">82<\/td><td class=\"column-3\">107<\/td><td class=\"column-4\">120<\/td><td class=\"column-5\">150<\/td>\n<\/tr>\n<tr class=\"row-33\">\n\t<td class=\"column-1\">PUERTO DUQUESA<\/td><td class=\"column-2\">110<\/td><td class=\"column-3\">140<\/td><td class=\"column-4\">160<\/td><td class=\"column-5\">195<\/td>\n<\/tr>\n<tr class=\"row-34\">\n\t<td class=\"column-1\">RINCON DE LA VICTORIA<\/td><td class=\"column-2\">60<\/td><td class=\"column-3\">75<\/td><td class=\"column-4\">85<\/td><td class=\"column-5\">105<\/td>\n<\/tr>\n<tr class=\"row-35\">\n\t<td class=\"column-1\">RONDA<\/td><td class=\"column-2\">135<\/td><td class=\"column-3\">160<\/td><td class=\"column-4\">175<\/td><td class=\"column-5\">200<\/td>\n<\/tr>\n<tr class=\"row-36\">\n\t<td class=\"column-1\">SABINILLAS<\/td><td class=\"column-2\">110<\/td><td class=\"column-3\">140<\/td><td class=\"column-4\">160<\/td><td class=\"column-5\">195<\/td>\n<\/tr>\n<tr class=\"row-37\">\n\t<td class=\"column-1\">SALOBRENA<\/td><td class=\"column-2\">125<\/td><td class=\"column-3\">150<\/td><td class=\"column-4\">165<\/td><td class=\"column-5\">190<\/td>\n<\/tr>\n<tr class=\"row-38\">\n\t<td class=\"column-1\">SAN PEDRO DE ALCANTARA<\/td><td class=\"column-2\">85<\/td><td class=\"column-3\">110<\/td><td class=\"column-4\">125<\/td><td class=\"column-5\">155<\/td>\n<\/tr>\n<tr class=\"row-39\">\n\t<td class=\"column-1\">SEVILLA<\/td><td class=\"column-2\">250<\/td><td class=\"column-3\">285<\/td><td class=\"column-4\">320<\/td><td class=\"column-5\">360<\/td>\n<\/tr>\n<tr class=\"row-40\">\n\t<td class=\"column-1\">SIERRA NEVADA<\/td><td class=\"column-2\">210<\/td><td class=\"column-3\">245<\/td><td class=\"column-4\">260<\/td><td class=\"column-5\">310<\/td>\n<\/tr>\n<tr class=\"row-41\">\n\t<td class=\"column-1\">SOTOGRANDE<\/td><td class=\"column-2\">130<\/td><td class=\"column-3\">170<\/td><td class=\"column-4\">175<\/td><td class=\"column-5\">215<\/td>\n<\/tr>\n<tr class=\"row-42\">\n\t<td class=\"column-1\">TARIFA<\/td><td class=\"column-2\">180<\/td><td class=\"column-3\">220<\/td><td class=\"column-4\">250<\/td><td class=\"column-5\">300<\/td>\n<\/tr>\n<tr class=\"row-43\">\n\t<td class=\"column-1\">TORRE DEL MAR<\/td><td class=\"column-2\">65<\/td><td class=\"column-3\">85<\/td><td class=\"column-4\">95<\/td><td class=\"column-5\">120<\/td>\n<\/tr>\n<tr class=\"row-44\">\n\t<td class=\"column-1\">TORREMOLINOS<\/td><td class=\"column-2\">40<\/td><td class=\"column-3\">50<\/td><td class=\"column-4\">55<\/td><td class=\"column-5\">70<\/td>\n<\/tr>\n<tr class=\"row-45\">\n\t<td class=\"column-1\">TORROX<\/td><td class=\"column-2\">75<\/td><td class=\"column-3\">95<\/td><td class=\"column-4\">100<\/td><td class=\"column-5\">125<\/td>\n<\/tr>\n<tr class=\"row-46\">\n\t<td class=\"column-1\">VELEZ MALAGA<\/td><td class=\"column-2\">65<\/td><td class=\"column-3\">85<\/td><td class=\"column-4\">95<\/td><td class=\"column-5\">120<\/td>\n<\/tr>\n<\/tbody>\n<\/table>\n<!-- #tablepress-1 from cache -->\n","protected":false},"excerpt":{"rendered":"<p>Esta lista de precios se refiere a cada trayecto de ida desde\/hasta el Aeropuerto de M\u00e1laga, seg\u00fan el destino y el veh\u00edculo elegidos. Todos los servicios Ejecutivos incluyen ya el coste del peaje para las rutas disponibles. Los precios est\u00e1n expresados en moneda local (euros). No es necesario pagar online por adelantado; puedes pagar directamente [&hellip;]<\/p>\n","protected":false},"author":1,"featured_media":992,"parent":0,"menu_order":0,"comment_status":"closed","ping_status":"closed","template":"","meta":{"_monsterinsights_skip_tracking":false,"_monsterinsights_sitenote_active":false,"_monsterinsights_sitenote_note":"","_monsterinsights_sitenote_category":0,"footnotes":""},"class_list":["post-1474","page","type-page","status-publish","has-post-thumbnail","hentry"],"yoast_head":"<!-- This site is optimized with the Yoast SEO plugin v27.4 - https:\/\/yoast.com\/product\/yoast-seo-wordpress\/ -->\n<title>Precios traslados aeropuerto Marbella | MarbeTaxi<\/title>\n<meta name=\"description\" content=\"Precios traslados aeropuerto Marbella | MarbeTaxi. Precios fijos, sin sorpresas. Reserva ahora y paga a la llegada.\" \/>\n<meta name=\"robots\" content=\"index, follow, max-snippet:-1, max-image-preview:large, max-video-preview:-1\" \/>\n<link rel=\"canonical\" href=\"https:\/\/marbellaairporttransfer.com\/es\/precios\/\" \/>\n<meta property=\"og:locale\" content=\"es_ES\" \/>\n<meta property=\"og:type\" content=\"article\" \/>\n<meta property=\"og:title\" content=\"Precios traslados aeropuerto Marbella | MarbeTaxi\" \/>\n<meta property=\"og:description\" content=\"Precios traslados aeropuerto Marbella | MarbeTaxi. Precios fijos, sin sorpresas. Reserva ahora y paga a la llegada.\" \/>\n<meta property=\"og:url\" content=\"https:\/\/marbellaairporttransfer.com\/es\/precios\/\" \/>\n<meta property=\"og:site_name\" content=\"MarbeTaxi\" \/>\n<meta property=\"article:publisher\" content=\"https:\/\/www.facebook.com\/MarbeTaxi\" \/>\n<meta property=\"article:modified_time\" content=\"2025-01-22T19:56:38+00:00\" \/>\n<meta property=\"og:image\" content=\"https:\/\/marbellaairporttransfer.com\/wp-content\/uploads\/2015\/08\/MarbeTaxi-Van.jpeg\" \/>\n\t<meta property=\"og:image:width\" content=\"950\" \/>\n\t<meta property=\"og:image:height\" content=\"705\" \/>\n\t<meta property=\"og:image:type\" content=\"image\/jpeg\" \/>\n<meta name=\"twitter:card\" content=\"summary_large_image\" \/>\n<script type=\"application\/ld+json\" class=\"yoast-schema-graph\">{\"@context\":\"https:\\\/\\\/schema.org\",\"@graph\":[{\"@type\":\"WebPage\",\"@id\":\"https:\\\/\\\/marbellaairporttransfer.com\\\/es\\\/precios\\\/\",\"url\":\"https:\\\/\\\/marbellaairporttransfer.com\\\/es\\\/precios\\\/\",\"name\":\"Precios traslados aeropuerto Marbella | MarbeTaxi\",\"isPartOf\":{\"@id\":\"https:\\\/\\\/marbellaairporttransfer.com\\\/es\\\/#website\"},\"primaryImageOfPage\":{\"@id\":\"https:\\\/\\\/marbellaairporttransfer.com\\\/es\\\/precios\\\/#primaryimage\"},\"image\":{\"@id\":\"https:\\\/\\\/marbellaairporttransfer.com\\\/es\\\/precios\\\/#primaryimage\"},\"thumbnailUrl\":\"https:\\\/\\\/marbellaairporttransfer.com\\\/wp-content\\\/uploads\\\/2015\\\/08\\\/MarbeTaxi-Van.jpeg\",\"datePublished\":\"2023-04-15T12:38:36+00:00\",\"dateModified\":\"2025-01-22T19:56:38+00:00\",\"description\":\"Precios traslados aeropuerto Marbella | MarbeTaxi. Precios fijos, sin sorpresas. Reserva ahora y paga a la llegada.\",\"breadcrumb\":{\"@id\":\"https:\\\/\\\/marbellaairporttransfer.com\\\/es\\\/precios\\\/#breadcrumb\"},\"inLanguage\":\"es\",\"potentialAction\":[{\"@type\":\"ReadAction\",\"target\":[\"https:\\\/\\\/marbellaairporttransfer.com\\\/es\\\/precios\\\/\"]}]},{\"@type\":\"ImageObject\",\"inLanguage\":\"es\",\"@id\":\"https:\\\/\\\/marbellaairporttransfer.com\\\/es\\\/precios\\\/#primaryimage\",\"url\":\"https:\\\/\\\/marbellaairporttransfer.com\\\/wp-content\\\/uploads\\\/2015\\\/08\\\/MarbeTaxi-Van.jpeg\",\"contentUrl\":\"https:\\\/\\\/marbellaairporttransfer.com\\\/wp-content\\\/uploads\\\/2015\\\/08\\\/MarbeTaxi-Van.jpeg\",\"width\":950,\"height\":705},{\"@type\":\"BreadcrumbList\",\"@id\":\"https:\\\/\\\/marbellaairporttransfer.com\\\/es\\\/precios\\\/#breadcrumb\",\"itemListElement\":[{\"@type\":\"ListItem\",\"position\":1,\"name\":\"Home\",\"item\":\"https:\\\/\\\/marbellaairporttransfer.com\\\/es\\\/\"},{\"@type\":\"ListItem\",\"position\":2,\"name\":\"Precios\"}]},{\"@type\":\"WebSite\",\"@id\":\"https:\\\/\\\/marbellaairporttransfer.com\\\/es\\\/#website\",\"url\":\"https:\\\/\\\/marbellaairporttransfer.com\\\/es\\\/\",\"name\":\"Marbella Airport Transfers\",\"description\":\"Marbella Transfers | Taxi Aeropuerto de M\u00e1laga\",\"publisher\":{\"@id\":\"https:\\\/\\\/marbellaairporttransfer.com\\\/es\\\/#organization\"},\"potentialAction\":[{\"@type\":\"SearchAction\",\"target\":{\"@type\":\"EntryPoint\",\"urlTemplate\":\"https:\\\/\\\/marbellaairporttransfer.com\\\/es\\\/?s={search_term_string}\"},\"query-input\":{\"@type\":\"PropertyValueSpecification\",\"valueRequired\":true,\"valueName\":\"search_term_string\"}}],\"inLanguage\":\"es\"},{\"@type\":\"Organization\",\"@id\":\"https:\\\/\\\/marbellaairporttransfer.com\\\/es\\\/#organization\",\"name\":\"MarbeTaxi\",\"url\":\"https:\\\/\\\/marbellaairporttransfer.com\\\/es\\\/\",\"logo\":{\"@type\":\"ImageObject\",\"inLanguage\":\"es\",\"@id\":\"https:\\\/\\\/marbellaairporttransfer.com\\\/es\\\/#\\\/schema\\\/logo\\\/image\\\/\",\"url\":\"https:\\\/\\\/marbellaairporttransfer.com\\\/wp-content\\\/uploads\\\/2015\\\/08\\\/cropped-LOGO-MarbeTaxi-2-2.jpg\",\"contentUrl\":\"https:\\\/\\\/marbellaairporttransfer.com\\\/wp-content\\\/uploads\\\/2015\\\/08\\\/cropped-LOGO-MarbeTaxi-2-2.jpg\",\"width\":411,\"height\":46,\"caption\":\"MarbeTaxi\"},\"image\":{\"@id\":\"https:\\\/\\\/marbellaairporttransfer.com\\\/es\\\/#\\\/schema\\\/logo\\\/image\\\/\"},\"sameAs\":[\"https:\\\/\\\/www.facebook.com\\\/MarbeTaxi\",\"https:\\\/\\\/www.instagram.com\\\/MarbeTaxi\"]}]}<\/script>\n<!-- \/ Yoast SEO plugin. -->","yoast_head_json":{"title":"Precios traslados aeropuerto Marbella | MarbeTaxi","description":"Precios traslados aeropuerto Marbella | MarbeTaxi. Precios fijos, sin sorpresas. Reserva ahora y paga a la llegada.","robots":{"index":"index","follow":"follow","max-snippet":"max-snippet:-1","max-image-preview":"max-image-preview:large","max-video-preview":"max-video-preview:-1"},"canonical":"https:\/\/marbellaairporttransfer.com\/es\/precios\/","og_locale":"es_ES","og_type":"article","og_title":"Precios traslados aeropuerto Marbella | MarbeTaxi","og_description":"Precios traslados aeropuerto Marbella | MarbeTaxi. Precios fijos, sin sorpresas. Reserva ahora y paga a la llegada.","og_url":"https:\/\/marbellaairporttransfer.com\/es\/precios\/","og_site_name":"MarbeTaxi","article_publisher":"https:\/\/www.facebook.com\/MarbeTaxi","article_modified_time":"2025-01-22T19:56:38+00:00","og_image":[{"width":950,"height":705,"url":"https:\/\/marbellaairporttransfer.com\/wp-content\/uploads\/2015\/08\/MarbeTaxi-Van.jpeg","type":"image\/jpeg"}],"twitter_card":"summary_large_image","schema":{"@context":"https:\/\/schema.org","@graph":[{"@type":"WebPage","@id":"https:\/\/marbellaairporttransfer.com\/es\/precios\/","url":"https:\/\/marbellaairporttransfer.com\/es\/precios\/","name":"Precios traslados aeropuerto Marbella | MarbeTaxi","isPartOf":{"@id":"https:\/\/marbellaairporttransfer.com\/es\/#website"},"primaryImageOfPage":{"@id":"https:\/\/marbellaairporttransfer.com\/es\/precios\/#primaryimage"},"image":{"@id":"https:\/\/marbellaairporttransfer.com\/es\/precios\/#primaryimage"},"thumbnailUrl":"https:\/\/marbellaairporttransfer.com\/wp-content\/uploads\/2015\/08\/MarbeTaxi-Van.jpeg","datePublished":"2023-04-15T12:38:36+00:00","dateModified":"2025-01-22T19:56:38+00:00","description":"Precios traslados aeropuerto Marbella | MarbeTaxi. Precios fijos, sin sorpresas. Reserva ahora y paga a la llegada.","breadcrumb":{"@id":"https:\/\/marbellaairporttransfer.com\/es\/precios\/#breadcrumb"},"inLanguage":"es","potentialAction":[{"@type":"ReadAction","target":["https:\/\/marbellaairporttransfer.com\/es\/precios\/"]}]},{"@type":"ImageObject","inLanguage":"es","@id":"https:\/\/marbellaairporttransfer.com\/es\/precios\/#primaryimage","url":"https:\/\/marbellaairporttransfer.com\/wp-content\/uploads\/2015\/08\/MarbeTaxi-Van.jpeg","contentUrl":"https:\/\/marbellaairporttransfer.com\/wp-content\/uploads\/2015\/08\/MarbeTaxi-Van.jpeg","width":950,"height":705},{"@type":"BreadcrumbList","@id":"https:\/\/marbellaairporttransfer.com\/es\/precios\/#breadcrumb","itemListElement":[{"@type":"ListItem","position":1,"name":"Home","item":"https:\/\/marbellaairporttransfer.com\/es\/"},{"@type":"ListItem","position":2,"name":"Precios"}]},{"@type":"WebSite","@id":"https:\/\/marbellaairporttransfer.com\/es\/#website","url":"https:\/\/marbellaairporttransfer.com\/es\/","name":"Marbella Airport Transfers","description":"Marbella Transfers | Taxi Aeropuerto de M\u00e1laga","publisher":{"@id":"https:\/\/marbellaairporttransfer.com\/es\/#organization"},"potentialAction":[{"@type":"SearchAction","target":{"@type":"EntryPoint","urlTemplate":"https:\/\/marbellaairporttransfer.com\/es\/?s={search_term_string}"},"query-input":{"@type":"PropertyValueSpecification","valueRequired":true,"valueName":"search_term_string"}}],"inLanguage":"es"},{"@type":"Organization","@id":"https:\/\/marbellaairporttransfer.com\/es\/#organization","name":"MarbeTaxi","url":"https:\/\/marbellaairporttransfer.com\/es\/","logo":{"@type":"ImageObject","inLanguage":"es","@id":"https:\/\/marbellaairporttransfer.com\/es\/#\/schema\/logo\/image\/","url":"https:\/\/marbellaairporttransfer.com\/wp-content\/uploads\/2015\/08\/cropped-LOGO-MarbeTaxi-2-2.jpg","contentUrl":"https:\/\/marbellaairporttransfer.com\/wp-content\/uploads\/2015\/08\/cropped-LOGO-MarbeTaxi-2-2.jpg","width":411,"height":46,"caption":"MarbeTaxi"},"image":{"@id":"https:\/\/marbellaairporttransfer.com\/es\/#\/schema\/logo\/image\/"},"sameAs":["https:\/\/www.facebook.com\/MarbeTaxi","https:\/\/www.instagram.com\/MarbeTaxi"]}]}},"_links":{"self":[{"href":"https:\/\/marbellaairporttransfer.com\/es\/wp-json\/wp\/v2\/pages\/1474","targetHints":{"allow":["GET"]}}],"collection":[{"href":"https:\/\/marbellaairporttransfer.com\/es\/wp-json\/wp\/v2\/pages"}],"about":[{"href":"https:\/\/marbellaairporttransfer.com\/es\/wp-json\/wp\/v2\/types\/page"}],"author":[{"embeddable":true,"href":"https:\/\/marbellaairporttransfer.com\/es\/wp-json\/wp\/v2\/users\/1"}],"replies":[{"embeddable":true,"href":"https:\/\/marbellaairporttransfer.com\/es\/wp-json\/wp\/v2\/comments?post=1474"}],"version-history":[{"count":2,"href":"https:\/\/marbellaairporttransfer.com\/es\/wp-json\/wp\/v2\/pages\/1474\/revisions"}],"predecessor-version":[{"id":1477,"href":"https:\/\/marbellaairporttransfer.com\/es\/wp-json\/wp\/v2\/pages\/1474\/revisions\/1477"}],"wp:featuredmedia":[{"embeddable":true,"href":"https:\/\/marbellaairporttransfer.com\/es\/wp-json\/wp\/v2\/media\/992"}],"wp:attachment":[{"href":"https:\/\/marbellaairporttransfer.com\/es\/wp-json\/wp\/v2\/media?parent=1474"}],"curies":[{"name":"wp","href":"https:\/\/api.w.org\/{rel}","templated":true}]}}