{"id":1317,"date":"2025-01-06T00:49:41","date_gmt":"2025-01-06T00:49:41","guid":{"rendered":"https:\/\/marbellaairporttransfer.com\/reunete-con-tu-conductor-en-la-sala-de-llegadas-del-aeropuerto-de-malaga\/"},"modified":"2025-02-24T19:16:04","modified_gmt":"2025-02-24T19:16:04","slug":"reunete-con-tu-conductor-en-la-sala-de-llegadas-del-aeropuerto-de-malaga","status":"publish","type":"page","link":"https:\/\/marbellaairporttransfer.com\/es\/reunete-con-tu-conductor-en-la-sala-de-llegadas-del-aeropuerto-de-malaga\/","title":{"rendered":"Re\u00fanete con tu conductor en la sala de llegadas del aeropuerto de M\u00e1laga"},"content":{"rendered":"<div style=\"font-size: 16px; text-align: justify;\">\n  <p>\n  Servicio de bienvenida en el Aeropuerto de M\u00e1laga. Tanto si es la primera vez que viajas a M\u00e1laga como si eres un visitante frecuente, estamos aqu\u00ed para garantizarte una experiencia sin estr\u00e9s y sin contratiempos. Desde el momento en que bajas del avi\u00f3n hasta que te re\u00fanes con tu conductor, nuestro servicio garantiza comodidad y eficacia.  \n  <\/p>\n\n  <div id=\"ez-toc-container\" class=\"ez-toc-v2_0_82_2 counter-hierarchy ez-toc-counter ez-toc-grey ez-toc-container-direction\">\n<div class=\"ez-toc-title-container\">\n<p class=\"ez-toc-title\" style=\"cursor:inherit\">Table of Contents<\/p>\n<span class=\"ez-toc-title-toggle\"><a href=\"#\" class=\"ez-toc-pull-right ez-toc-btn ez-toc-btn-xs ez-toc-btn-default ez-toc-toggle\" aria-label=\"Alternar tabla de contenidos\"><span class=\"ez-toc-js-icon-con\"><span class><span class=\"eztoc-hide\" style=\"display:none;\">Toggle<\/span><span class=\"ez-toc-icon-toggle-span\"><svg style=\"fill: #999;color:#999\" class=\"list-377408\" width=\"20px\" height=\"20px\" viewBox=\"0 0 24 24\" fill=\"none\"><path d=\"M6 6H4v2h2V6zm14 0H8v2h12V6zM4 11h2v2H4v-2zm16 0H8v2h12v-2zM4 16h2v2H4v-2zm16 0H8v2h12v-2z\" fill=\"currentColor\" \/><\/svg><svg style=\"fill: #999;color:#999\" class=\"arrow-unsorted-368013\" width=\"10px\" height=\"10px\" viewBox=\"0 0 24 24\" version=\"1.2\" baseProfile=\"tiny\"><path d=\"M18.2 9.3l-6.2-6.3-6.2 6.3c-.2.2-.3.4-.3.7s.1.5.3.7c.2.2.4.3.7.3h11c.3 0 .5-.1.7-.3.2-.2.3-.5.3-.7s-.1-.5-.3-.7zM5.8 14.7l6.2 6.3 6.2-6.3c.2-.2.3-.5.3-.7s-.1-.5-.3-.7c-.2-.2-.4-.3-.7-.3h-11c-.3 0-.5.1-.7.3-.2.2-.3.5-.3.7s.1.5.3.7z\" \/><\/svg><\/span><\/span><\/span><\/a><\/span><\/div>\n<nav><ul class=\"ez-toc-list ez-toc-list-level-1 \"><li class=\"ez-toc-page-1 ez-toc-heading-level-2\"><a class=\"ez-toc-link ez-toc-heading-1\" href=\"https:\/\/marbellaairporttransfer.com\/es\/reunete-con-tu-conductor-en-la-sala-de-llegadas-del-aeropuerto-de-malaga\/#%C2%BFQue_me_encontrare_a_mi_llegada_al_Aeropuerto_de_Malaga\">\u00bfQue me encontrar\u00e9 a mi llegada al Aeropuerto de M\u00e1laga?<\/a><\/li><li class=\"ez-toc-page-1 ez-toc-heading-level-2\"><a class=\"ez-toc-link ez-toc-heading-2\" href=\"https:\/\/marbellaairporttransfer.com\/es\/reunete-con-tu-conductor-en-la-sala-de-llegadas-del-aeropuerto-de-malaga\/#Asistencia_para_viajeros_con_problemas_de_movilidad\">Asistencia para viajeros con problemas de movilidad<\/a><\/li><li class=\"ez-toc-page-1 ez-toc-heading-level-2\"><a class=\"ez-toc-link ez-toc-heading-3\" href=\"https:\/\/marbellaairporttransfer.com\/es\/reunete-con-tu-conductor-en-la-sala-de-llegadas-del-aeropuerto-de-malaga\/#La_zona_de_recogida_de_equipajes\">La zona de recogida de equipajes<\/a><\/li><li class=\"ez-toc-page-1 ez-toc-heading-level-2\"><a class=\"ez-toc-link ez-toc-heading-4\" href=\"https:\/\/marbellaairporttransfer.com\/es\/reunete-con-tu-conductor-en-la-sala-de-llegadas-del-aeropuerto-de-malaga\/#Servicios_y_comodidades_de_la_sala_de_llegadas\">Servicios y comodidades de la sala de llegadas<\/a><\/li><li class=\"ez-toc-page-1 ez-toc-heading-level-2\"><a class=\"ez-toc-link ez-toc-heading-5\" href=\"https:\/\/marbellaairporttransfer.com\/es\/reunete-con-tu-conductor-en-la-sala-de-llegadas-del-aeropuerto-de-malaga\/#Encuentra_a_tu_conductor_en_la_sala_de_llegadas\">Encuentra a tu conductor en la sala de llegadas<\/a><\/li><li class=\"ez-toc-page-1 ez-toc-heading-level-2\"><a class=\"ez-toc-link ez-toc-heading-6\" href=\"https:\/\/marbellaairporttransfer.com\/es\/reunete-con-tu-conductor-en-la-sala-de-llegadas-del-aeropuerto-de-malaga\/#%C2%BFQue_hace_de_MarbeTaxi_una_buena_opcion\">\u00bfQu\u00e9 hace de MarbeTaxi una buena opci\u00f3n?<\/a><\/li><li class=\"ez-toc-page-1 ez-toc-heading-level-2\"><a class=\"ez-toc-link ez-toc-heading-7\" href=\"https:\/\/marbellaairporttransfer.com\/es\/reunete-con-tu-conductor-en-la-sala-de-llegadas-del-aeropuerto-de-malaga\/#Reserva_hoy_tu_transfer_privado\">Reserva hoy tu transfer privado<\/a><\/li><li class=\"ez-toc-page-1 ez-toc-heading-level-2\"><a class=\"ez-toc-link ez-toc-heading-8\" href=\"https:\/\/marbellaairporttransfer.com\/es\/reunete-con-tu-conductor-en-la-sala-de-llegadas-del-aeropuerto-de-malaga\/#Consejos_para_quienes_viajan_por_primera_vez_al_aeropuerto_de_Malaga\">Consejos para quienes viajan por primera vez al aeropuerto de M\u00e1laga<\/a><\/li><\/ul><\/nav><\/div>\n<h2><span class=\"ez-toc-section\" id=\"%C2%BFQue_me_encontrare_a_mi_llegada_al_Aeropuerto_de_Malaga\"><\/span>\u00bfQue me encontrar\u00e9 a mi llegada al Aeropuerto de M\u00e1laga?<span class=\"ez-toc-section-end\"><\/span><\/h2>\n  <p>\n  Tras aterrizar en el aeropuerto de M\u00e1laga los pasajeros desembarcan del avi\u00f3n a trav\u00e9s de una pasarela m\u00f3vil, que conecta directamente con la Terminal 3. Al entrar al edificio de la terminal, unas se\u00f1ales claras te gu\u00edan por el pasillo hacia la zona de recogida de equipajes. El recorrido por esta parte del aeropuerto es sencillo y sin p\u00e9rdida.  \n  <\/p>\n\n  <h2><span class=\"ez-toc-section\" id=\"Asistencia_para_viajeros_con_problemas_de_movilidad\"><\/span>Asistencia para viajeros con problemas de movilidad<span class=\"ez-toc-section-end\"><\/span><\/h2>\n  <p>\n  Si t\u00fa o alguien de tu grupo necesit\u00e1is <a href=\"https:\/\/www.aena.es\/es\/malaga-costa-del-sol\/servicios-del-aeropuerto\/servicio-asistencia-sin-barreras.html\" target=\"_blank\" title=\"Servicio de Ayuda a la Movilidad\">asistencia para la movilidad<\/a>( \n ), como una silla de ruedas, csolic\u00edtalo al aeropuerto con antelaci\u00f3n. El personal del aeropuerto tendr\u00e1 una silla de ruedas lista y esperando para ayudarte en la terminal de salidas. Organizar con antelaci\u00f3n este servicio garantiza una llegada fluida y sin interrupciones desde el avi\u00f3n a la sala de llegadas.  \n  <\/p>\n\n  <h2><span class=\"ez-toc-section\" id=\"La_zona_de_recogida_de_equipajes\"><\/span>La zona de recogida de equipajes<span class=\"ez-toc-section-end\"><\/span><\/h2>\n  <p>\n  Una vez dentro de la terminal, sigue las indicaciones hacia la zona de recogida de equipajes. Las pantallas de informaci\u00f3n muestran el carrusel de equipaje correspondiente a tu vuelo. No te preocupes por el tiempo de espera hasta que tu equipaje aparezca, ya que nuestros conductores te estar\u00e1n esperando pacientemente en la sala de llegadas. La zona tambi\u00e9n dispone de asientos y aseos, para garantizar tu comodidad mientras esperas tus maletas.   \n  <\/p>\n  <noscript><img decoding=\"async\" src=\"https:\/\/marbellaairporttransfer.com\/wp-content\/uploads\/2015\/08\/Arrival-hall-AGP.jpg\" alt=\"Sala de Llegadas del Aeropuerto de M\u00e1laga\" style=\"width: 100%; margin: 20px 0;\"><\/noscript><img decoding=\"async\" src=\"data:image\/gif;base64,R0lGODlhAQABAIAAAAAAAP\/\/\/yH5BAEAAAAALAAAAAABAAEAAAIBRAA7\" alt=\"Sala de Llegadas del Aeropuerto de M\u00e1laga\" style=\"width: 100%; margin: 20px 0;\" data-src=\"https:\/\/marbellaairporttransfer.com\/wp-content\/uploads\/2015\/08\/Arrival-hall-AGP.jpg\" class=\" lazyload\">\n\n  <h2><span class=\"ez-toc-section\" id=\"Servicios_y_comodidades_de_la_sala_de_llegadas\"><\/span>Servicios y comodidades de la sala de llegadas<span class=\"ez-toc-section-end\"><\/span><\/h2>\n  <p>\n  Cuando te dirijas a la sala de llegadas, pasar\u00e1s por una animada zona de tiendas y restaurantes. Aqu\u00ed podr\u00e1s tomar un caf\u00e9, disfrutar de un tentempi\u00e9 r\u00e1pido o comprar art\u00edculos de \u00faltima hora. La variedad de opciones garantiza que cada viajero pueda encontrar algo que se adapte a sus gustos y necesidades antes de salir de la terminal.  \n  <\/p>\n\n  <h2><span class=\"ez-toc-section\" id=\"Encuentra_a_tu_conductor_en_la_sala_de_llegadas\"><\/span>Encuentra a tu conductor en la sala de llegadas<span class=\"ez-toc-section-end\"><\/span><\/h2>\n  <p>\n  Despu\u00e9s de recoger tu equipaje, sigue las se\u00f1ales de salida y pasa por las puertas correderas que conducen a la sala de llegadas. Esta zona est\u00e1 protegida para garantizar un entorno seguro y organizado para los pasajeros. Al acercarte a las barreras, ver\u00e1s a los representantes de alquiler de coches, a los familiares que esperan a sus seres queridos y, lo m\u00e1s importante, a tu conductor de MarbeTaxi.  \n  <\/p>\n  <p>\n  Busca al ch\u00f3fer que est\u00e1 sujetando un cartel con tu nombre en \u00e9l. Para mayor comodidad, el ch\u00f3fer se situar\u00e1 cerca de la cafeter\u00eda La Manon, un punto de referencia bien conocido en el vest\u00edbulo de llegadas. As\u00ed podr\u00e1s localizarlo f\u00e1cilmente, incluso cuando m\u00e1s gente haya.  \n  <\/p>\n\n  <h2><span class=\"ez-toc-section\" id=\"%C2%BFQue_hace_de_MarbeTaxi_una_buena_opcion\"><\/span>\u00bfQu\u00e9 hace de MarbeTaxi una buena opci\u00f3n?<span class=\"ez-toc-section-end\"><\/span><\/h2>\n  <p>\n  En MarbeTaxi damos prioridad a la comodidad y el buen servicio que merecen nuestros clientes. Nuestros ch\u00f3feres profesionales no s\u00f3lo te reciben con una c\u00e1lida bienvenida, tambi\u00e9n te ayudan con tu equipaje y te proporcionan valiosos consejos del \u00e1rea que visitar\u00e1s si se lo solicitas. Tanto si viajas solo, en familia o en grupo, nuestro servicio se adapta a tus necesidades particulares.  \n  <\/p>\n  <p>\n  Adem\u00e1s, nuestros conductores conocen las mejores rutas para garantizar que llegues a tu destino con rapidez y seguridad. Nuestro objetivo es hacer que tu paso desde el Aeropuerto de M\u00e1laga hasta tu alojamiento sea lo m\u00e1s tranquilo y agradable posible. \n  <\/p>\n\n  <h2><span class=\"ez-toc-section\" id=\"Reserva_hoy_tu_transfer_privado\"><\/span>Reserva hoy tu transfer privado<span class=\"ez-toc-section-end\"><\/span><\/h2>\n  <p>\n  Haz que tu experiencia de viaje no suponga ning\u00fan esfuerzo reservando nuestros <a href=\"https:\/\/marbellaairporttransfer.com\/es\/\" title=\"Transfers Privados con MarbeTaxi desde el Aeropuerto de M\u00e1laga\">servicios de transfer privado desde el Aeropuerto de M\u00e1laga<\/a>. Nuestro equipo te garantiza un viaje sin contratiempos desde la sala de llegadas hasta tu destino, ofreci\u00e9ndote fiabilidad, profesionalidad y comodidad. \n  <\/p>\n\n  <h2><span class=\"ez-toc-section\" id=\"Consejos_para_quienes_viajan_por_primera_vez_al_aeropuerto_de_Malaga\"><\/span>Consejos para quienes viajan por primera vez al aeropuerto de M\u00e1laga<span class=\"ez-toc-section-end\"><\/span><\/h2>\n  <p>\n  Transitar por el aeropuerto de M\u00e1laga es sencillo, gracias a su moderno dise\u00f1o y a su clara se\u00f1alizaci\u00f3n. Sin embargo, aqu\u00ed tienes algunos consejos para mejorar tu experiencia: \n  <\/p>\n  <ul>\n    <li>Av\u00edsanos con antelaci\u00f3n si necesitas <a href=\"https:\/\/www.aena.es\/es\/malaga-costa-del-sol\/servicios-del-aeropuerto\/servicio-asistencia-sin-barreras.html\" target=\"_blank\" title=\"Servicio de Ayuda a la Movilidad\">ayuda de movilidad<\/a> \n o tienes requisitos espec\u00edficos.<\/li>\n    <li>Ten el tel\u00e9fono a mano por si necesitas contactar con el conductor.<\/li>\n    <li>Sigue las indicaciones hacia la zona de recogida de equipajes y luego hacia la sala de llegadas.<\/li>\n    <li>Busca a tu conductor cerca de la cafeter\u00eda La Manon, en la zona de llegadas.<\/li>\n  <\/ul>\n  <p>\n  Con estos consejos en mente, puedes relajarte y disfrutar de tu viaje, sabiendo que MarbeTaxi tiene todos los detalles cubiertos.\n  <\/p>\n\n<\/div>\n\n\n\n<pre class=\"wp-block-code\"><code><\/code><\/pre>\n\n\n\n<p><\/p>\n","protected":false},"excerpt":{"rendered":"<p>Servicio de bienvenida en el Aeropuerto de M\u00e1laga. Tanto si es la primera vez que viajas a M\u00e1laga como si eres un visitante frecuente, estamos aqu\u00ed para garantizarte una experiencia sin estr\u00e9s y sin contratiempos. Desde el momento en que bajas del avi\u00f3n hasta que te re\u00fanes con tu conductor, nuestro servicio garantiza comodidad y [&hellip;]<\/p>\n","protected":false},"author":1,"featured_media":1184,"parent":0,"menu_order":0,"comment_status":"closed","ping_status":"closed","template":"","meta":{"_monsterinsights_skip_tracking":false,"_monsterinsights_sitenote_active":false,"_monsterinsights_sitenote_note":"","_monsterinsights_sitenote_category":0,"footnotes":""},"class_list":["post-1317","page","type-page","status-publish","has-post-thumbnail","hentry"],"yoast_head":"<!-- This site is optimized with the Yoast SEO plugin v27.3 - https:\/\/yoast.com\/product\/yoast-seo-wordpress\/ -->\n<title>Recibimiento en la sala del llegadas del Aeropuerto de M\u00e1laga | MarbeTaxi<\/title>\n<meta name=\"description\" content=\"Servicios de traslados privados desde el Aeropuerto de M\u00e1laga a Marbella con MarbeTaxi. \u00a1Reserve ahora su transfer y pague en destino!\" \/>\n<meta name=\"robots\" content=\"index, follow, max-snippet:-1, max-image-preview:large, max-video-preview:-1\" \/>\n<link rel=\"canonical\" href=\"https:\/\/marbellaairporttransfer.com\/es\/reunete-con-tu-conductor-en-la-sala-de-llegadas-del-aeropuerto-de-malaga\/\" \/>\n<meta property=\"og:locale\" content=\"es_ES\" \/>\n<meta property=\"og:type\" content=\"article\" \/>\n<meta property=\"og:title\" content=\"Recibimiento en la sala del llegadas del Aeropuerto de M\u00e1laga | MarbeTaxi\" \/>\n<meta property=\"og:description\" content=\"Servicios de traslados privados desde el Aeropuerto de M\u00e1laga a Marbella con MarbeTaxi. \u00a1Reserve ahora su transfer y pague en destino!\" \/>\n<meta property=\"og:url\" content=\"https:\/\/marbellaairporttransfer.com\/es\/reunete-con-tu-conductor-en-la-sala-de-llegadas-del-aeropuerto-de-malaga\/\" \/>\n<meta property=\"og:site_name\" content=\"MarbeTaxi\" \/>\n<meta property=\"article:publisher\" content=\"https:\/\/www.facebook.com\/MarbeTaxi\" \/>\n<meta property=\"article:modified_time\" content=\"2025-02-24T19:16:04+00:00\" \/>\n<meta property=\"og:image\" content=\"https:\/\/marbellaairporttransfer.com\/wp-content\/uploads\/2015\/08\/Malaga-Airport-meeting-point-arrival-hall.jpg\" \/>\n\t<meta property=\"og:image:width\" content=\"1200\" \/>\n\t<meta property=\"og:image:height\" content=\"900\" \/>\n\t<meta property=\"og:image:type\" content=\"image\/jpeg\" \/>\n<meta name=\"twitter:card\" content=\"summary_large_image\" \/>\n<meta name=\"twitter:label1\" content=\"Tiempo de lectura\" \/>\n\t<meta name=\"twitter:data1\" content=\"4 minutos\" \/>\n<script type=\"application\/ld+json\" class=\"yoast-schema-graph\">{\"@context\":\"https:\\\/\\\/schema.org\",\"@graph\":[{\"@type\":\"WebPage\",\"@id\":\"https:\\\/\\\/marbellaairporttransfer.com\\\/es\\\/reunete-con-tu-conductor-en-la-sala-de-llegadas-del-aeropuerto-de-malaga\\\/\",\"url\":\"https:\\\/\\\/marbellaairporttransfer.com\\\/es\\\/reunete-con-tu-conductor-en-la-sala-de-llegadas-del-aeropuerto-de-malaga\\\/\",\"name\":\"Recibimiento en la sala del llegadas del Aeropuerto de M\u00e1laga | MarbeTaxi\",\"isPartOf\":{\"@id\":\"https:\\\/\\\/marbellaairporttransfer.com\\\/es\\\/#website\"},\"primaryImageOfPage\":{\"@id\":\"https:\\\/\\\/marbellaairporttransfer.com\\\/es\\\/reunete-con-tu-conductor-en-la-sala-de-llegadas-del-aeropuerto-de-malaga\\\/#primaryimage\"},\"image\":{\"@id\":\"https:\\\/\\\/marbellaairporttransfer.com\\\/es\\\/reunete-con-tu-conductor-en-la-sala-de-llegadas-del-aeropuerto-de-malaga\\\/#primaryimage\"},\"thumbnailUrl\":\"https:\\\/\\\/marbellaairporttransfer.com\\\/wp-content\\\/uploads\\\/2015\\\/08\\\/Malaga-Airport-meeting-point-arrival-hall.jpg\",\"datePublished\":\"2025-01-06T00:49:41+00:00\",\"dateModified\":\"2025-02-24T19:16:04+00:00\",\"description\":\"Servicios de traslados privados desde el Aeropuerto de M\u00e1laga a Marbella con MarbeTaxi. \u00a1Reserve ahora su transfer y pague en destino!\",\"breadcrumb\":{\"@id\":\"https:\\\/\\\/marbellaairporttransfer.com\\\/es\\\/reunete-con-tu-conductor-en-la-sala-de-llegadas-del-aeropuerto-de-malaga\\\/#breadcrumb\"},\"inLanguage\":\"es\",\"potentialAction\":[{\"@type\":\"ReadAction\",\"target\":[\"https:\\\/\\\/marbellaairporttransfer.com\\\/es\\\/reunete-con-tu-conductor-en-la-sala-de-llegadas-del-aeropuerto-de-malaga\\\/\"]}]},{\"@type\":\"ImageObject\",\"inLanguage\":\"es\",\"@id\":\"https:\\\/\\\/marbellaairporttransfer.com\\\/es\\\/reunete-con-tu-conductor-en-la-sala-de-llegadas-del-aeropuerto-de-malaga\\\/#primaryimage\",\"url\":\"https:\\\/\\\/marbellaairporttransfer.com\\\/wp-content\\\/uploads\\\/2015\\\/08\\\/Malaga-Airport-meeting-point-arrival-hall.jpg\",\"contentUrl\":\"https:\\\/\\\/marbellaairporttransfer.com\\\/wp-content\\\/uploads\\\/2015\\\/08\\\/Malaga-Airport-meeting-point-arrival-hall.jpg\",\"width\":1200,\"height\":900},{\"@type\":\"BreadcrumbList\",\"@id\":\"https:\\\/\\\/marbellaairporttransfer.com\\\/es\\\/reunete-con-tu-conductor-en-la-sala-de-llegadas-del-aeropuerto-de-malaga\\\/#breadcrumb\",\"itemListElement\":[{\"@type\":\"ListItem\",\"position\":1,\"name\":\"Home\",\"item\":\"https:\\\/\\\/marbellaairporttransfer.com\\\/es\\\/\"},{\"@type\":\"ListItem\",\"position\":2,\"name\":\"Re\u00fanete con tu conductor en la sala de llegadas del aeropuerto de M\u00e1laga\"}]},{\"@type\":\"WebSite\",\"@id\":\"https:\\\/\\\/marbellaairporttransfer.com\\\/es\\\/#website\",\"url\":\"https:\\\/\\\/marbellaairporttransfer.com\\\/es\\\/\",\"name\":\"Marbella Airport Transfers\",\"description\":\"Marbella Transfers | Taxi Aeropuerto de M\u00e1laga\",\"publisher\":{\"@id\":\"https:\\\/\\\/marbellaairporttransfer.com\\\/es\\\/#organization\"},\"potentialAction\":[{\"@type\":\"SearchAction\",\"target\":{\"@type\":\"EntryPoint\",\"urlTemplate\":\"https:\\\/\\\/marbellaairporttransfer.com\\\/es\\\/?s={search_term_string}\"},\"query-input\":{\"@type\":\"PropertyValueSpecification\",\"valueRequired\":true,\"valueName\":\"search_term_string\"}}],\"inLanguage\":\"es\"},{\"@type\":\"Organization\",\"@id\":\"https:\\\/\\\/marbellaairporttransfer.com\\\/es\\\/#organization\",\"name\":\"MarbeTaxi\",\"url\":\"https:\\\/\\\/marbellaairporttransfer.com\\\/es\\\/\",\"logo\":{\"@type\":\"ImageObject\",\"inLanguage\":\"es\",\"@id\":\"https:\\\/\\\/marbellaairporttransfer.com\\\/es\\\/#\\\/schema\\\/logo\\\/image\\\/\",\"url\":\"https:\\\/\\\/marbellaairporttransfer.com\\\/wp-content\\\/uploads\\\/2015\\\/08\\\/cropped-LOGO-MarbeTaxi-2-2.jpg\",\"contentUrl\":\"https:\\\/\\\/marbellaairporttransfer.com\\\/wp-content\\\/uploads\\\/2015\\\/08\\\/cropped-LOGO-MarbeTaxi-2-2.jpg\",\"width\":411,\"height\":46,\"caption\":\"MarbeTaxi\"},\"image\":{\"@id\":\"https:\\\/\\\/marbellaairporttransfer.com\\\/es\\\/#\\\/schema\\\/logo\\\/image\\\/\"},\"sameAs\":[\"https:\\\/\\\/www.facebook.com\\\/MarbeTaxi\",\"https:\\\/\\\/www.instagram.com\\\/MarbeTaxi\"]}]}<\/script>\n<!-- \/ Yoast SEO plugin. -->","yoast_head_json":{"title":"Recibimiento en la sala del llegadas del Aeropuerto de M\u00e1laga | MarbeTaxi","description":"Servicios de traslados privados desde el Aeropuerto de M\u00e1laga a Marbella con MarbeTaxi. \u00a1Reserve ahora su transfer y pague en destino!","robots":{"index":"index","follow":"follow","max-snippet":"max-snippet:-1","max-image-preview":"max-image-preview:large","max-video-preview":"max-video-preview:-1"},"canonical":"https:\/\/marbellaairporttransfer.com\/es\/reunete-con-tu-conductor-en-la-sala-de-llegadas-del-aeropuerto-de-malaga\/","og_locale":"es_ES","og_type":"article","og_title":"Recibimiento en la sala del llegadas del Aeropuerto de M\u00e1laga | MarbeTaxi","og_description":"Servicios de traslados privados desde el Aeropuerto de M\u00e1laga a Marbella con MarbeTaxi. \u00a1Reserve ahora su transfer y pague en destino!","og_url":"https:\/\/marbellaairporttransfer.com\/es\/reunete-con-tu-conductor-en-la-sala-de-llegadas-del-aeropuerto-de-malaga\/","og_site_name":"MarbeTaxi","article_publisher":"https:\/\/www.facebook.com\/MarbeTaxi","article_modified_time":"2025-02-24T19:16:04+00:00","og_image":[{"width":1200,"height":900,"url":"https:\/\/marbellaairporttransfer.com\/wp-content\/uploads\/2015\/08\/Malaga-Airport-meeting-point-arrival-hall.jpg","type":"image\/jpeg"}],"twitter_card":"summary_large_image","twitter_misc":{"Tiempo de lectura":"4 minutos"},"schema":{"@context":"https:\/\/schema.org","@graph":[{"@type":"WebPage","@id":"https:\/\/marbellaairporttransfer.com\/es\/reunete-con-tu-conductor-en-la-sala-de-llegadas-del-aeropuerto-de-malaga\/","url":"https:\/\/marbellaairporttransfer.com\/es\/reunete-con-tu-conductor-en-la-sala-de-llegadas-del-aeropuerto-de-malaga\/","name":"Recibimiento en la sala del llegadas del Aeropuerto de M\u00e1laga | MarbeTaxi","isPartOf":{"@id":"https:\/\/marbellaairporttransfer.com\/es\/#website"},"primaryImageOfPage":{"@id":"https:\/\/marbellaairporttransfer.com\/es\/reunete-con-tu-conductor-en-la-sala-de-llegadas-del-aeropuerto-de-malaga\/#primaryimage"},"image":{"@id":"https:\/\/marbellaairporttransfer.com\/es\/reunete-con-tu-conductor-en-la-sala-de-llegadas-del-aeropuerto-de-malaga\/#primaryimage"},"thumbnailUrl":"https:\/\/marbellaairporttransfer.com\/wp-content\/uploads\/2015\/08\/Malaga-Airport-meeting-point-arrival-hall.jpg","datePublished":"2025-01-06T00:49:41+00:00","dateModified":"2025-02-24T19:16:04+00:00","description":"Servicios de traslados privados desde el Aeropuerto de M\u00e1laga a Marbella con MarbeTaxi. \u00a1Reserve ahora su transfer y pague en destino!","breadcrumb":{"@id":"https:\/\/marbellaairporttransfer.com\/es\/reunete-con-tu-conductor-en-la-sala-de-llegadas-del-aeropuerto-de-malaga\/#breadcrumb"},"inLanguage":"es","potentialAction":[{"@type":"ReadAction","target":["https:\/\/marbellaairporttransfer.com\/es\/reunete-con-tu-conductor-en-la-sala-de-llegadas-del-aeropuerto-de-malaga\/"]}]},{"@type":"ImageObject","inLanguage":"es","@id":"https:\/\/marbellaairporttransfer.com\/es\/reunete-con-tu-conductor-en-la-sala-de-llegadas-del-aeropuerto-de-malaga\/#primaryimage","url":"https:\/\/marbellaairporttransfer.com\/wp-content\/uploads\/2015\/08\/Malaga-Airport-meeting-point-arrival-hall.jpg","contentUrl":"https:\/\/marbellaairporttransfer.com\/wp-content\/uploads\/2015\/08\/Malaga-Airport-meeting-point-arrival-hall.jpg","width":1200,"height":900},{"@type":"BreadcrumbList","@id":"https:\/\/marbellaairporttransfer.com\/es\/reunete-con-tu-conductor-en-la-sala-de-llegadas-del-aeropuerto-de-malaga\/#breadcrumb","itemListElement":[{"@type":"ListItem","position":1,"name":"Home","item":"https:\/\/marbellaairporttransfer.com\/es\/"},{"@type":"ListItem","position":2,"name":"Re\u00fanete con tu conductor en la sala de llegadas del aeropuerto de M\u00e1laga"}]},{"@type":"WebSite","@id":"https:\/\/marbellaairporttransfer.com\/es\/#website","url":"https:\/\/marbellaairporttransfer.com\/es\/","name":"Marbella Airport Transfers","description":"Marbella Transfers | Taxi Aeropuerto de M\u00e1laga","publisher":{"@id":"https:\/\/marbellaairporttransfer.com\/es\/#organization"},"potentialAction":[{"@type":"SearchAction","target":{"@type":"EntryPoint","urlTemplate":"https:\/\/marbellaairporttransfer.com\/es\/?s={search_term_string}"},"query-input":{"@type":"PropertyValueSpecification","valueRequired":true,"valueName":"search_term_string"}}],"inLanguage":"es"},{"@type":"Organization","@id":"https:\/\/marbellaairporttransfer.com\/es\/#organization","name":"MarbeTaxi","url":"https:\/\/marbellaairporttransfer.com\/es\/","logo":{"@type":"ImageObject","inLanguage":"es","@id":"https:\/\/marbellaairporttransfer.com\/es\/#\/schema\/logo\/image\/","url":"https:\/\/marbellaairporttransfer.com\/wp-content\/uploads\/2015\/08\/cropped-LOGO-MarbeTaxi-2-2.jpg","contentUrl":"https:\/\/marbellaairporttransfer.com\/wp-content\/uploads\/2015\/08\/cropped-LOGO-MarbeTaxi-2-2.jpg","width":411,"height":46,"caption":"MarbeTaxi"},"image":{"@id":"https:\/\/marbellaairporttransfer.com\/es\/#\/schema\/logo\/image\/"},"sameAs":["https:\/\/www.facebook.com\/MarbeTaxi","https:\/\/www.instagram.com\/MarbeTaxi"]}]}},"_links":{"self":[{"href":"https:\/\/marbellaairporttransfer.com\/es\/wp-json\/wp\/v2\/pages\/1317","targetHints":{"allow":["GET"]}}],"collection":[{"href":"https:\/\/marbellaairporttransfer.com\/es\/wp-json\/wp\/v2\/pages"}],"about":[{"href":"https:\/\/marbellaairporttransfer.com\/es\/wp-json\/wp\/v2\/types\/page"}],"author":[{"embeddable":true,"href":"https:\/\/marbellaairporttransfer.com\/es\/wp-json\/wp\/v2\/users\/1"}],"replies":[{"embeddable":true,"href":"https:\/\/marbellaairporttransfer.com\/es\/wp-json\/wp\/v2\/comments?post=1317"}],"version-history":[{"count":12,"href":"https:\/\/marbellaairporttransfer.com\/es\/wp-json\/wp\/v2\/pages\/1317\/revisions"}],"predecessor-version":[{"id":2284,"href":"https:\/\/marbellaairporttransfer.com\/es\/wp-json\/wp\/v2\/pages\/1317\/revisions\/2284"}],"wp:featuredmedia":[{"embeddable":true,"href":"https:\/\/marbellaairporttransfer.com\/es\/wp-json\/wp\/v2\/media\/1184"}],"wp:attachment":[{"href":"https:\/\/marbellaairporttransfer.com\/es\/wp-json\/wp\/v2\/media?parent=1317"}],"curies":[{"name":"wp","href":"https:\/\/api.w.org\/{rel}","templated":true}]}}