{"id":1391,"date":"2023-02-26T03:31:44","date_gmt":"2023-02-26T03:31:44","guid":{"rendered":"https:\/\/marbellaairporttransfer.com\/product\/uebertragungen-produkt\/"},"modified":"2025-01-13T18:12:34","modified_gmt":"2025-01-13T18:12:34","slug":"uebertragungen-produkt","status":"publish","type":"product","link":"https:\/\/marbellaairporttransfer.com\/de\/product\/uebertragungen-produkt\/","title":{"rendered":"\u00dcbertragungen Produkt"},"content":{"rendered":"<p>Dies ist ein variables Produkt, das f\u00fcr \u00dcberweisungen verwendet wird, die \u00fcber WooCommerce abgewickelt werden.<\/p>\n","protected":false},"excerpt":{"rendered":"<p>Dies ist ein variables Produkt, das f\u00fcr \u00dcberweisungen verwendet wird, die \u00fcber WooCommerce abgewickelt werden.<\/p>\n","protected":false},"featured_media":0,"template":"","meta":{"_monsterinsights_skip_tracking":false,"_monsterinsights_sitenote_active":false,"_monsterinsights_sitenote_note":"","_monsterinsights_sitenote_category":0},"product_brand":[],"product_cat":[105],"product_tag":[],"class_list":{"0":"post-1391","1":"product","2":"type-product","3":"status-publish","5":"product_cat-uncategorized-de","6":"one-fourth","8":"first","9":"instock","10":"shipping-taxable","11":"product-type-variable"},"yoast_head":"<!-- This site is optimized with the Yoast SEO plugin v27.5 - https:\/\/yoast.com\/product\/yoast-seo-wordpress\/ -->\n<title>\u00dcbertragungen Produkt | MarbeTaxi<\/title>\n<meta name=\"robots\" content=\"index, follow, max-snippet:-1, max-image-preview:large, max-video-preview:-1\" \/>\n<link rel=\"canonical\" href=\"https:\/\/marbellaairporttransfer.com\/de\/product\/uebertragungen-produkt\/\" \/>\n<meta property=\"og:locale\" content=\"de_DE\" \/>\n<meta property=\"og:type\" content=\"article\" \/>\n<meta property=\"og:title\" content=\"\u00dcbertragungen Produkt | MarbeTaxi\" \/>\n<meta property=\"og:description\" content=\"Dies ist ein variables Produkt, das f\u00fcr \u00dcberweisungen verwendet wird, die \u00fcber WooCommerce abgewickelt werden.\" \/>\n<meta property=\"og:url\" content=\"https:\/\/marbellaairporttransfer.com\/de\/product\/uebertragungen-produkt\/\" \/>\n<meta property=\"og:site_name\" content=\"MarbeTaxi\" \/>\n<meta property=\"article:publisher\" content=\"https:\/\/www.facebook.com\/MarbeTaxi\" \/>\n<meta property=\"article:modified_time\" content=\"2025-01-13T18:12:34+00:00\" \/>\n<meta name=\"twitter:card\" content=\"summary_large_image\" \/>\n<script type=\"application\/ld+json\" class=\"yoast-schema-graph\">{\"@context\":\"https:\\\/\\\/schema.org\",\"@graph\":[{\"@type\":\"WebPage\",\"@id\":\"https:\\\/\\\/marbellaairporttransfer.com\\\/de\\\/product\\\/uebertragungen-produkt\\\/\",\"url\":\"https:\\\/\\\/marbellaairporttransfer.com\\\/de\\\/product\\\/uebertragungen-produkt\\\/\",\"name\":\"\u00dcbertragungen Produkt | MarbeTaxi\",\"isPartOf\":{\"@id\":\"https:\\\/\\\/marbellaairporttransfer.com\\\/de\\\/#website\"},\"datePublished\":\"2023-02-26T03:31:44+00:00\",\"dateModified\":\"2025-01-13T18:12:34+00:00\",\"breadcrumb\":{\"@id\":\"https:\\\/\\\/marbellaairporttransfer.com\\\/de\\\/product\\\/uebertragungen-produkt\\\/#breadcrumb\"},\"inLanguage\":\"de\",\"potentialAction\":[{\"@type\":\"ReadAction\",\"target\":[\"https:\\\/\\\/marbellaairporttransfer.com\\\/de\\\/product\\\/uebertragungen-produkt\\\/\"]}]},{\"@type\":\"BreadcrumbList\",\"@id\":\"https:\\\/\\\/marbellaairporttransfer.com\\\/de\\\/product\\\/uebertragungen-produkt\\\/#breadcrumb\",\"itemListElement\":[{\"@type\":\"ListItem\",\"position\":1,\"name\":\"Home\",\"item\":\"https:\\\/\\\/marbellaairporttransfer.com\\\/de\\\/\"},{\"@type\":\"ListItem\",\"position\":2,\"name\":\"Shop\",\"item\":\"https:\\\/\\\/marbellaairporttransfer.com\\\/shop\\\/\"},{\"@type\":\"ListItem\",\"position\":3,\"name\":\"\u00dcbertragungen Produkt\"}]},{\"@type\":\"WebSite\",\"@id\":\"https:\\\/\\\/marbellaairporttransfer.com\\\/de\\\/#website\",\"url\":\"https:\\\/\\\/marbellaairporttransfer.com\\\/de\\\/\",\"name\":\"Marbella Airport Transfers\",\"description\":\"Marbella Transfers | Dein Taxi vom Flughafen M\u00e1laga\",\"publisher\":{\"@id\":\"https:\\\/\\\/marbellaairporttransfer.com\\\/de\\\/#organization\"},\"potentialAction\":[{\"@type\":\"SearchAction\",\"target\":{\"@type\":\"EntryPoint\",\"urlTemplate\":\"https:\\\/\\\/marbellaairporttransfer.com\\\/de\\\/?s={search_term_string}\"},\"query-input\":{\"@type\":\"PropertyValueSpecification\",\"valueRequired\":true,\"valueName\":\"search_term_string\"}}],\"inLanguage\":\"de\"},{\"@type\":\"Organization\",\"@id\":\"https:\\\/\\\/marbellaairporttransfer.com\\\/de\\\/#organization\",\"name\":\"MarbeTaxi\",\"url\":\"https:\\\/\\\/marbellaairporttransfer.com\\\/de\\\/\",\"logo\":{\"@type\":\"ImageObject\",\"inLanguage\":\"de\",\"@id\":\"https:\\\/\\\/marbellaairporttransfer.com\\\/de\\\/#\\\/schema\\\/logo\\\/image\\\/\",\"url\":\"https:\\\/\\\/marbellaairporttransfer.com\\\/wp-content\\\/uploads\\\/2015\\\/08\\\/cropped-LOGO-MarbeTaxi-2-2.jpg\",\"contentUrl\":\"https:\\\/\\\/marbellaairporttransfer.com\\\/wp-content\\\/uploads\\\/2015\\\/08\\\/cropped-LOGO-MarbeTaxi-2-2.jpg\",\"width\":411,\"height\":46,\"caption\":\"MarbeTaxi\"},\"image\":{\"@id\":\"https:\\\/\\\/marbellaairporttransfer.com\\\/de\\\/#\\\/schema\\\/logo\\\/image\\\/\"},\"sameAs\":[\"https:\\\/\\\/www.facebook.com\\\/MarbeTaxi\",\"https:\\\/\\\/www.instagram.com\\\/MarbeTaxi\"]}]}<\/script>\n<!-- \/ Yoast SEO plugin. -->","yoast_head_json":{"title":"\u00dcbertragungen Produkt | MarbeTaxi","robots":{"index":"index","follow":"follow","max-snippet":"max-snippet:-1","max-image-preview":"max-image-preview:large","max-video-preview":"max-video-preview:-1"},"canonical":"https:\/\/marbellaairporttransfer.com\/de\/product\/uebertragungen-produkt\/","og_locale":"de_DE","og_type":"article","og_title":"\u00dcbertragungen Produkt | MarbeTaxi","og_description":"Dies ist ein variables Produkt, das f\u00fcr \u00dcberweisungen verwendet wird, die \u00fcber WooCommerce abgewickelt werden.","og_url":"https:\/\/marbellaairporttransfer.com\/de\/product\/uebertragungen-produkt\/","og_site_name":"MarbeTaxi","article_publisher":"https:\/\/www.facebook.com\/MarbeTaxi","article_modified_time":"2025-01-13T18:12:34+00:00","twitter_card":"summary_large_image","schema":{"@context":"https:\/\/schema.org","@graph":[{"@type":"WebPage","@id":"https:\/\/marbellaairporttransfer.com\/de\/product\/uebertragungen-produkt\/","url":"https:\/\/marbellaairporttransfer.com\/de\/product\/uebertragungen-produkt\/","name":"\u00dcbertragungen Produkt | MarbeTaxi","isPartOf":{"@id":"https:\/\/marbellaairporttransfer.com\/de\/#website"},"datePublished":"2023-02-26T03:31:44+00:00","dateModified":"2025-01-13T18:12:34+00:00","breadcrumb":{"@id":"https:\/\/marbellaairporttransfer.com\/de\/product\/uebertragungen-produkt\/#breadcrumb"},"inLanguage":"de","potentialAction":[{"@type":"ReadAction","target":["https:\/\/marbellaairporttransfer.com\/de\/product\/uebertragungen-produkt\/"]}]},{"@type":"BreadcrumbList","@id":"https:\/\/marbellaairporttransfer.com\/de\/product\/uebertragungen-produkt\/#breadcrumb","itemListElement":[{"@type":"ListItem","position":1,"name":"Home","item":"https:\/\/marbellaairporttransfer.com\/de\/"},{"@type":"ListItem","position":2,"name":"Shop","item":"https:\/\/marbellaairporttransfer.com\/shop\/"},{"@type":"ListItem","position":3,"name":"\u00dcbertragungen Produkt"}]},{"@type":"WebSite","@id":"https:\/\/marbellaairporttransfer.com\/de\/#website","url":"https:\/\/marbellaairporttransfer.com\/de\/","name":"Marbella Airport Transfers","description":"Marbella Transfers | Dein Taxi vom Flughafen M\u00e1laga","publisher":{"@id":"https:\/\/marbellaairporttransfer.com\/de\/#organization"},"potentialAction":[{"@type":"SearchAction","target":{"@type":"EntryPoint","urlTemplate":"https:\/\/marbellaairporttransfer.com\/de\/?s={search_term_string}"},"query-input":{"@type":"PropertyValueSpecification","valueRequired":true,"valueName":"search_term_string"}}],"inLanguage":"de"},{"@type":"Organization","@id":"https:\/\/marbellaairporttransfer.com\/de\/#organization","name":"MarbeTaxi","url":"https:\/\/marbellaairporttransfer.com\/de\/","logo":{"@type":"ImageObject","inLanguage":"de","@id":"https:\/\/marbellaairporttransfer.com\/de\/#\/schema\/logo\/image\/","url":"https:\/\/marbellaairporttransfer.com\/wp-content\/uploads\/2015\/08\/cropped-LOGO-MarbeTaxi-2-2.jpg","contentUrl":"https:\/\/marbellaairporttransfer.com\/wp-content\/uploads\/2015\/08\/cropped-LOGO-MarbeTaxi-2-2.jpg","width":411,"height":46,"caption":"MarbeTaxi"},"image":{"@id":"https:\/\/marbellaairporttransfer.com\/de\/#\/schema\/logo\/image\/"},"sameAs":["https:\/\/www.facebook.com\/MarbeTaxi","https:\/\/www.instagram.com\/MarbeTaxi"]}]}},"_links":{"self":[{"href":"https:\/\/marbellaairporttransfer.com\/de\/wp-json\/wp\/v2\/product\/1391","targetHints":{"allow":["GET"]}}],"collection":[{"href":"https:\/\/marbellaairporttransfer.com\/de\/wp-json\/wp\/v2\/product"}],"about":[{"href":"https:\/\/marbellaairporttransfer.com\/de\/wp-json\/wp\/v2\/types\/product"}],"wp:attachment":[{"href":"https:\/\/marbellaairporttransfer.com\/de\/wp-json\/wp\/v2\/media?parent=1391"}],"wp:term":[{"taxonomy":"product_brand","embeddable":true,"href":"https:\/\/marbellaairporttransfer.com\/de\/wp-json\/wp\/v2\/product_brand?post=1391"},{"taxonomy":"product_cat","embeddable":true,"href":"https:\/\/marbellaairporttransfer.com\/de\/wp-json\/wp\/v2\/product_cat?post=1391"},{"taxonomy":"product_tag","embeddable":true,"href":"https:\/\/marbellaairporttransfer.com\/de\/wp-json\/wp\/v2\/product_tag?post=1391"}],"curies":[{"name":"wp","href":"https:\/\/api.w.org\/{rel}","templated":true}]}}