{"id":2081,"date":"2025-02-19T13:40:24","date_gmt":"2025-02-19T13:40:24","guid":{"rendered":"https:\/\/marbellaairporttransfer.com\/malaga-flughafen-transfers\/"},"modified":"2025-06-03T02:12:31","modified_gmt":"2025-06-03T02:12:31","slug":"flughafentransfers-malaga","status":"publish","type":"page","link":"https:\/\/marbellaairporttransfer.com\/de\/flughafentransfers-malaga\/","title":{"rendered":"Flughafentransfers M\u00e1laga"},"content":{"rendered":"","protected":false},"excerpt":{"rendered":"","protected":false},"author":5,"featured_media":2182,"parent":0,"menu_order":0,"comment_status":"closed","ping_status":"closed","template":"page.php","meta":{"_monsterinsights_skip_tracking":false,"_monsterinsights_sitenote_active":false,"_monsterinsights_sitenote_note":"","_monsterinsights_sitenote_category":0,"footnotes":""},"class_list":["post-2081","page","type-page","status-publish","has-post-thumbnail","hentry"],"yoast_head":"<!-- This site is optimized with the Yoast SEO plugin v27.3 - https:\/\/yoast.com\/product\/yoast-seo-wordpress\/ -->\n<title>Flughafentransfers M\u00e1laga | MarbeTaxi<\/title>\n<meta name=\"description\" content=\"Flughafentransfers M\u00e1laga: Premium-Taxiservice von MarbeTaxi vom Flughafen M\u00e1laga an die Costa del Sol. Reisen Sie komfortabel und sicher.\" \/>\n<meta name=\"robots\" content=\"index, follow, max-snippet:-1, max-image-preview:large, max-video-preview:-1\" \/>\n<link rel=\"canonical\" href=\"https:\/\/marbellaairporttransfer.com\/de\/flughafentransfers-malaga\/\" \/>\n<meta property=\"og:locale\" content=\"de_DE\" \/>\n<meta property=\"og:type\" content=\"article\" \/>\n<meta property=\"og:title\" content=\"Flughafentransfers M\u00e1laga | MarbeTaxi\" \/>\n<meta property=\"og:description\" content=\"Flughafentransfers M\u00e1laga: Premium-Taxiservice von MarbeTaxi vom Flughafen M\u00e1laga an die Costa del Sol. Reisen Sie komfortabel und sicher.\" \/>\n<meta property=\"og:url\" content=\"https:\/\/marbellaairporttransfer.com\/de\/flughafentransfers-malaga\/\" \/>\n<meta property=\"og:site_name\" content=\"MarbeTaxi\" \/>\n<meta property=\"article:publisher\" content=\"https:\/\/www.facebook.com\/MarbeTaxi\" \/>\n<meta property=\"article:modified_time\" content=\"2025-06-03T02:12:31+00:00\" \/>\n<meta property=\"og:image\" content=\"https:\/\/marbellaairporttransfer.com\/wp-content\/uploads\/2015\/08\/Malaga-airport.webp\" \/>\n\t<meta property=\"og:image:width\" content=\"1200\" \/>\n\t<meta property=\"og:image:height\" content=\"630\" \/>\n\t<meta property=\"og:image:type\" content=\"image\/webp\" \/>\n<meta name=\"twitter:card\" content=\"summary_large_image\" \/>\n<meta name=\"twitter:label1\" content=\"Gesch\u00e4tzte Lesezeit\" \/>\n\t<meta name=\"twitter:data1\" content=\"1\u00a0Minute\" \/>\n<script type=\"application\/ld+json\" class=\"yoast-schema-graph\">{\"@context\":\"https:\\\/\\\/schema.org\",\"@graph\":[{\"@type\":\"WebPage\",\"@id\":\"https:\\\/\\\/marbellaairporttransfer.com\\\/de\\\/flughafentransfers-malaga\\\/\",\"url\":\"https:\\\/\\\/marbellaairporttransfer.com\\\/de\\\/flughafentransfers-malaga\\\/\",\"name\":\"Flughafentransfers M\u00e1laga | MarbeTaxi\",\"isPartOf\":{\"@id\":\"https:\\\/\\\/marbellaairporttransfer.com\\\/de\\\/#website\"},\"primaryImageOfPage\":{\"@id\":\"https:\\\/\\\/marbellaairporttransfer.com\\\/de\\\/flughafentransfers-malaga\\\/#primaryimage\"},\"image\":{\"@id\":\"https:\\\/\\\/marbellaairporttransfer.com\\\/de\\\/flughafentransfers-malaga\\\/#primaryimage\"},\"thumbnailUrl\":\"https:\\\/\\\/marbellaairporttransfer.com\\\/wp-content\\\/uploads\\\/2015\\\/08\\\/Malaga-airport.webp\",\"datePublished\":\"2025-02-19T13:40:24+00:00\",\"dateModified\":\"2025-06-03T02:12:31+00:00\",\"description\":\"Flughafentransfers M\u00e1laga: Premium-Taxiservice von MarbeTaxi vom Flughafen M\u00e1laga an die Costa del Sol. Reisen Sie komfortabel und sicher.\",\"breadcrumb\":{\"@id\":\"https:\\\/\\\/marbellaairporttransfer.com\\\/de\\\/flughafentransfers-malaga\\\/#breadcrumb\"},\"inLanguage\":\"de\",\"potentialAction\":[{\"@type\":\"ReadAction\",\"target\":[\"https:\\\/\\\/marbellaairporttransfer.com\\\/de\\\/flughafentransfers-malaga\\\/\"]}]},{\"@type\":\"ImageObject\",\"inLanguage\":\"de\",\"@id\":\"https:\\\/\\\/marbellaairporttransfer.com\\\/de\\\/flughafentransfers-malaga\\\/#primaryimage\",\"url\":\"https:\\\/\\\/marbellaairporttransfer.com\\\/wp-content\\\/uploads\\\/2015\\\/08\\\/Malaga-airport.webp\",\"contentUrl\":\"https:\\\/\\\/marbellaairporttransfer.com\\\/wp-content\\\/uploads\\\/2015\\\/08\\\/Malaga-airport.webp\",\"width\":1200,\"height\":630,\"caption\":\"Malaga Airport Transfers\"},{\"@type\":\"BreadcrumbList\",\"@id\":\"https:\\\/\\\/marbellaairporttransfer.com\\\/de\\\/flughafentransfers-malaga\\\/#breadcrumb\",\"itemListElement\":[{\"@type\":\"ListItem\",\"position\":1,\"name\":\"Home\",\"item\":\"https:\\\/\\\/marbellaairporttransfer.com\\\/de\\\/\"},{\"@type\":\"ListItem\",\"position\":2,\"name\":\"Flughafentransfers M\u00e1laga\"}]},{\"@type\":\"WebSite\",\"@id\":\"https:\\\/\\\/marbellaairporttransfer.com\\\/de\\\/#website\",\"url\":\"https:\\\/\\\/marbellaairporttransfer.com\\\/de\\\/\",\"name\":\"Marbella Airport Transfers\",\"description\":\"Marbella Transfers | Dein Taxi vom Flughafen M\u00e1laga\",\"publisher\":{\"@id\":\"https:\\\/\\\/marbellaairporttransfer.com\\\/de\\\/#organization\"},\"potentialAction\":[{\"@type\":\"SearchAction\",\"target\":{\"@type\":\"EntryPoint\",\"urlTemplate\":\"https:\\\/\\\/marbellaairporttransfer.com\\\/de\\\/?s={search_term_string}\"},\"query-input\":{\"@type\":\"PropertyValueSpecification\",\"valueRequired\":true,\"valueName\":\"search_term_string\"}}],\"inLanguage\":\"de\"},{\"@type\":\"Organization\",\"@id\":\"https:\\\/\\\/marbellaairporttransfer.com\\\/de\\\/#organization\",\"name\":\"MarbeTaxi\",\"url\":\"https:\\\/\\\/marbellaairporttransfer.com\\\/de\\\/\",\"logo\":{\"@type\":\"ImageObject\",\"inLanguage\":\"de\",\"@id\":\"https:\\\/\\\/marbellaairporttransfer.com\\\/de\\\/#\\\/schema\\\/logo\\\/image\\\/\",\"url\":\"https:\\\/\\\/marbellaairporttransfer.com\\\/wp-content\\\/uploads\\\/2015\\\/08\\\/cropped-LOGO-MarbeTaxi-2-2.jpg\",\"contentUrl\":\"https:\\\/\\\/marbellaairporttransfer.com\\\/wp-content\\\/uploads\\\/2015\\\/08\\\/cropped-LOGO-MarbeTaxi-2-2.jpg\",\"width\":411,\"height\":46,\"caption\":\"MarbeTaxi\"},\"image\":{\"@id\":\"https:\\\/\\\/marbellaairporttransfer.com\\\/de\\\/#\\\/schema\\\/logo\\\/image\\\/\"},\"sameAs\":[\"https:\\\/\\\/www.facebook.com\\\/MarbeTaxi\",\"https:\\\/\\\/www.instagram.com\\\/MarbeTaxi\"]}]}<\/script>\n<!-- \/ Yoast SEO plugin. -->","yoast_head_json":{"title":"Flughafentransfers M\u00e1laga | MarbeTaxi","description":"Flughafentransfers M\u00e1laga: Premium-Taxiservice von MarbeTaxi vom Flughafen M\u00e1laga an die Costa del Sol. Reisen Sie komfortabel und sicher.","robots":{"index":"index","follow":"follow","max-snippet":"max-snippet:-1","max-image-preview":"max-image-preview:large","max-video-preview":"max-video-preview:-1"},"canonical":"https:\/\/marbellaairporttransfer.com\/de\/flughafentransfers-malaga\/","og_locale":"de_DE","og_type":"article","og_title":"Flughafentransfers M\u00e1laga | MarbeTaxi","og_description":"Flughafentransfers M\u00e1laga: Premium-Taxiservice von MarbeTaxi vom Flughafen M\u00e1laga an die Costa del Sol. Reisen Sie komfortabel und sicher.","og_url":"https:\/\/marbellaairporttransfer.com\/de\/flughafentransfers-malaga\/","og_site_name":"MarbeTaxi","article_publisher":"https:\/\/www.facebook.com\/MarbeTaxi","article_modified_time":"2025-06-03T02:12:31+00:00","og_image":[{"width":1200,"height":630,"url":"https:\/\/marbellaairporttransfer.com\/wp-content\/uploads\/2015\/08\/Malaga-airport.webp","type":"image\/webp"}],"twitter_card":"summary_large_image","twitter_misc":{"Gesch\u00e4tzte Lesezeit":"1\u00a0Minute"},"schema":{"@context":"https:\/\/schema.org","@graph":[{"@type":"WebPage","@id":"https:\/\/marbellaairporttransfer.com\/de\/flughafentransfers-malaga\/","url":"https:\/\/marbellaairporttransfer.com\/de\/flughafentransfers-malaga\/","name":"Flughafentransfers M\u00e1laga | MarbeTaxi","isPartOf":{"@id":"https:\/\/marbellaairporttransfer.com\/de\/#website"},"primaryImageOfPage":{"@id":"https:\/\/marbellaairporttransfer.com\/de\/flughafentransfers-malaga\/#primaryimage"},"image":{"@id":"https:\/\/marbellaairporttransfer.com\/de\/flughafentransfers-malaga\/#primaryimage"},"thumbnailUrl":"https:\/\/marbellaairporttransfer.com\/wp-content\/uploads\/2015\/08\/Malaga-airport.webp","datePublished":"2025-02-19T13:40:24+00:00","dateModified":"2025-06-03T02:12:31+00:00","description":"Flughafentransfers M\u00e1laga: Premium-Taxiservice von MarbeTaxi vom Flughafen M\u00e1laga an die Costa del Sol. Reisen Sie komfortabel und sicher.","breadcrumb":{"@id":"https:\/\/marbellaairporttransfer.com\/de\/flughafentransfers-malaga\/#breadcrumb"},"inLanguage":"de","potentialAction":[{"@type":"ReadAction","target":["https:\/\/marbellaairporttransfer.com\/de\/flughafentransfers-malaga\/"]}]},{"@type":"ImageObject","inLanguage":"de","@id":"https:\/\/marbellaairporttransfer.com\/de\/flughafentransfers-malaga\/#primaryimage","url":"https:\/\/marbellaairporttransfer.com\/wp-content\/uploads\/2015\/08\/Malaga-airport.webp","contentUrl":"https:\/\/marbellaairporttransfer.com\/wp-content\/uploads\/2015\/08\/Malaga-airport.webp","width":1200,"height":630,"caption":"Malaga Airport Transfers"},{"@type":"BreadcrumbList","@id":"https:\/\/marbellaairporttransfer.com\/de\/flughafentransfers-malaga\/#breadcrumb","itemListElement":[{"@type":"ListItem","position":1,"name":"Home","item":"https:\/\/marbellaairporttransfer.com\/de\/"},{"@type":"ListItem","position":2,"name":"Flughafentransfers M\u00e1laga"}]},{"@type":"WebSite","@id":"https:\/\/marbellaairporttransfer.com\/de\/#website","url":"https:\/\/marbellaairporttransfer.com\/de\/","name":"Marbella Airport Transfers","description":"Marbella Transfers | Dein Taxi vom Flughafen M\u00e1laga","publisher":{"@id":"https:\/\/marbellaairporttransfer.com\/de\/#organization"},"potentialAction":[{"@type":"SearchAction","target":{"@type":"EntryPoint","urlTemplate":"https:\/\/marbellaairporttransfer.com\/de\/?s={search_term_string}"},"query-input":{"@type":"PropertyValueSpecification","valueRequired":true,"valueName":"search_term_string"}}],"inLanguage":"de"},{"@type":"Organization","@id":"https:\/\/marbellaairporttransfer.com\/de\/#organization","name":"MarbeTaxi","url":"https:\/\/marbellaairporttransfer.com\/de\/","logo":{"@type":"ImageObject","inLanguage":"de","@id":"https:\/\/marbellaairporttransfer.com\/de\/#\/schema\/logo\/image\/","url":"https:\/\/marbellaairporttransfer.com\/wp-content\/uploads\/2015\/08\/cropped-LOGO-MarbeTaxi-2-2.jpg","contentUrl":"https:\/\/marbellaairporttransfer.com\/wp-content\/uploads\/2015\/08\/cropped-LOGO-MarbeTaxi-2-2.jpg","width":411,"height":46,"caption":"MarbeTaxi"},"image":{"@id":"https:\/\/marbellaairporttransfer.com\/de\/#\/schema\/logo\/image\/"},"sameAs":["https:\/\/www.facebook.com\/MarbeTaxi","https:\/\/www.instagram.com\/MarbeTaxi"]}]}},"_links":{"self":[{"href":"https:\/\/marbellaairporttransfer.com\/de\/wp-json\/wp\/v2\/pages\/2081","targetHints":{"allow":["GET"]}}],"collection":[{"href":"https:\/\/marbellaairporttransfer.com\/de\/wp-json\/wp\/v2\/pages"}],"about":[{"href":"https:\/\/marbellaairporttransfer.com\/de\/wp-json\/wp\/v2\/types\/page"}],"author":[{"embeddable":true,"href":"https:\/\/marbellaairporttransfer.com\/de\/wp-json\/wp\/v2\/users\/5"}],"replies":[{"embeddable":true,"href":"https:\/\/marbellaairporttransfer.com\/de\/wp-json\/wp\/v2\/comments?post=2081"}],"version-history":[{"count":2,"href":"https:\/\/marbellaairporttransfer.com\/de\/wp-json\/wp\/v2\/pages\/2081\/revisions"}],"predecessor-version":[{"id":2589,"href":"https:\/\/marbellaairporttransfer.com\/de\/wp-json\/wp\/v2\/pages\/2081\/revisions\/2589"}],"wp:featuredmedia":[{"embeddable":true,"href":"https:\/\/marbellaairporttransfer.com\/de\/wp-json\/wp\/v2\/media\/2182"}],"wp:attachment":[{"href":"https:\/\/marbellaairporttransfer.com\/de\/wp-json\/wp\/v2\/media?parent=2081"}],"curies":[{"name":"wp","href":"https:\/\/api.w.org\/{rel}","templated":true}]}}