{"id":1509,"date":"2015-08-05T17:56:47","date_gmt":"2015-08-05T17:56:47","guid":{"rendered":"https:\/\/marbellaairporttransfer.com\/buchungsseite\/"},"modified":"2025-06-03T01:54:10","modified_gmt":"2025-06-03T01:54:10","slug":"buchungsseite","status":"publish","type":"page","link":"https:\/\/marbellaairporttransfer.com\/de\/buchungsseite\/","title":{"rendered":"Buchungsseite"},"content":{"rendered":"\n<p style=\"text-align: justify; font-size: 17px;\">Sehr geehrter Kunde,<\/p>\n<p style=\"text-align: justify; font-size: 17px;\">Vielen Dank, dass Sie MarbeTaxi f\u00fcr Ihren Transferbedarf gew\u00e4hlt haben. Bevor wir Ihre Buchung abschlie\u00dfen, m\u00f6chten wir Sie dar\u00fcber informieren, dass eines unserer Teammitglieder Ihre Anfrage bearbeiten und Ihnen eine Best\u00e4tigungs-E-Mail schicken wird, sobald sie genehmigt wurde. Bitte denken Sie daran, dass <b>Ihr Transfer erst dann best\u00e4tigt ist, wenn Sie eine Best\u00e4tigungs-E-Mail von uns erhalten haben<\/b>. Diese Best\u00e4tigung wird innerhalb weniger Stunden nach Ihrer Buchungsanfrage w\u00e4hrend unserer regul\u00e4ren B\u00fcrozeiten verschickt.   <\/p>\n<p style=\"text-align: justify; font-size: 17px;\">Wenn Ihr Transfer innerhalb der n\u00e4chsten 24 Stunden geplant ist, kontaktieren Sie uns bitte so schnell wie m\u00f6glich per <a href=\"https:\/\/api.whatsapp.com\/send?phone=+34679779423\" target=\"_blank\" rel=\"noopener\">WhatsApp<\/a> oder telefonisch unter <a href=\"tel:+34679779423\">+34 679 779 423<\/a>.<\/p>\n<p style=\"text-align: justify; font-size: 17px;\">Mit freundlichen Gr\u00fc\u00dfen,<\/p>\n<p style=\"text-align: justify; font-size: 17px;\"><b>MarbeTaxi Team<\/b><\/p>\n\n","protected":false},"excerpt":{"rendered":"<p>Sehr geehrter Kunde, Vielen Dank, dass Sie MarbeTaxi f\u00fcr Ihren Transferbedarf gew\u00e4hlt haben. Bevor wir Ihre Buchung abschlie\u00dfen, m\u00f6chten wir Sie dar\u00fcber informieren, dass eines unserer Teammitglieder Ihre Anfrage bearbeiten und Ihnen eine Best\u00e4tigungs-E-Mail schicken wird, sobald sie genehmigt wurde. Bitte denken Sie daran, dass Ihr Transfer erst dann best\u00e4tigt ist, wenn Sie eine Best\u00e4tigungs-E-Mail [&hellip;]<\/p>\n","protected":false},"author":1,"featured_media":0,"parent":0,"menu_order":0,"comment_status":"open","ping_status":"closed","template":"page-booking-form.php","meta":{"_monsterinsights_skip_tracking":false,"_monsterinsights_sitenote_active":false,"_monsterinsights_sitenote_note":"","_monsterinsights_sitenote_category":0,"footnotes":""},"class_list":["post-1509","page","type-page","status-publish","hentry"],"yoast_head":"<!-- This site is optimized with the Yoast SEO plugin v27.5 - https:\/\/yoast.com\/product\/yoast-seo-wordpress\/ -->\n<title>Marbella Airport Transfers | MarbeTaxi<\/title>\n<meta name=\"description\" content=\"Marbella Airport Transfers: Luxury Taxi services by MarbeTaxi from Malaga Airport to Marbella. Travel with comfort and safety\" \/>\n<meta name=\"robots\" content=\"index, nofollow, max-snippet:-1, max-image-preview:large, max-video-preview:-1\" \/>\n<link rel=\"canonical\" href=\"https:\/\/marbellaairporttransfer.com\/de\/buchungsseite\/\" \/>\n<meta property=\"og:locale\" content=\"de_DE\" \/>\n<meta property=\"og:type\" content=\"article\" \/>\n<meta property=\"og:title\" content=\"Marbella Airport Transfers | MarbeTaxi\" \/>\n<meta property=\"og:description\" content=\"Marbella Airport Transfers: Luxury Taxi services by MarbeTaxi from Malaga Airport to Marbella. Travel with comfort and safety\" \/>\n<meta property=\"og:url\" content=\"https:\/\/marbellaairporttransfer.com\/de\/buchungsseite\/\" \/>\n<meta property=\"og:site_name\" content=\"MarbeTaxi\" \/>\n<meta property=\"article:publisher\" content=\"https:\/\/www.facebook.com\/MarbeTaxi\" \/>\n<meta property=\"article:modified_time\" content=\"2025-06-03T01:54:10+00:00\" \/>\n<meta name=\"twitter:card\" content=\"summary_large_image\" \/>\n<meta name=\"twitter:label1\" content=\"Gesch\u00e4tzte Lesezeit\" \/>\n\t<meta name=\"twitter:data1\" content=\"1\u00a0Minute\" \/>\n<script type=\"application\/ld+json\" class=\"yoast-schema-graph\">{\"@context\":\"https:\\\/\\\/schema.org\",\"@graph\":[{\"@type\":\"WebPage\",\"@id\":\"https:\\\/\\\/marbellaairporttransfer.com\\\/de\\\/buchungsseite\\\/\",\"url\":\"https:\\\/\\\/marbellaairporttransfer.com\\\/de\\\/buchungsseite\\\/\",\"name\":\"Marbella Airport Transfers | MarbeTaxi\",\"isPartOf\":{\"@id\":\"https:\\\/\\\/marbellaairporttransfer.com\\\/de\\\/#website\"},\"datePublished\":\"2015-08-05T17:56:47+00:00\",\"dateModified\":\"2025-06-03T01:54:10+00:00\",\"description\":\"Marbella Airport Transfers: Luxury Taxi services by MarbeTaxi from Malaga Airport to Marbella. Travel with comfort and safety\",\"breadcrumb\":{\"@id\":\"https:\\\/\\\/marbellaairporttransfer.com\\\/de\\\/buchungsseite\\\/#breadcrumb\"},\"inLanguage\":\"de\",\"potentialAction\":[{\"@type\":\"ReadAction\",\"target\":[\"https:\\\/\\\/marbellaairporttransfer.com\\\/de\\\/buchungsseite\\\/\"]}]},{\"@type\":\"BreadcrumbList\",\"@id\":\"https:\\\/\\\/marbellaairporttransfer.com\\\/de\\\/buchungsseite\\\/#breadcrumb\",\"itemListElement\":[{\"@type\":\"ListItem\",\"position\":1,\"name\":\"Home\",\"item\":\"https:\\\/\\\/marbellaairporttransfer.com\\\/de\\\/\"},{\"@type\":\"ListItem\",\"position\":2,\"name\":\"Buchungsseite\"}]},{\"@type\":\"WebSite\",\"@id\":\"https:\\\/\\\/marbellaairporttransfer.com\\\/de\\\/#website\",\"url\":\"https:\\\/\\\/marbellaairporttransfer.com\\\/de\\\/\",\"name\":\"Marbella Airport Transfers\",\"description\":\"Marbella Transfers | Dein Taxi vom Flughafen M\u00e1laga\",\"publisher\":{\"@id\":\"https:\\\/\\\/marbellaairporttransfer.com\\\/de\\\/#organization\"},\"potentialAction\":[{\"@type\":\"SearchAction\",\"target\":{\"@type\":\"EntryPoint\",\"urlTemplate\":\"https:\\\/\\\/marbellaairporttransfer.com\\\/de\\\/?s={search_term_string}\"},\"query-input\":{\"@type\":\"PropertyValueSpecification\",\"valueRequired\":true,\"valueName\":\"search_term_string\"}}],\"inLanguage\":\"de\"},{\"@type\":\"Organization\",\"@id\":\"https:\\\/\\\/marbellaairporttransfer.com\\\/de\\\/#organization\",\"name\":\"MarbeTaxi\",\"url\":\"https:\\\/\\\/marbellaairporttransfer.com\\\/de\\\/\",\"logo\":{\"@type\":\"ImageObject\",\"inLanguage\":\"de\",\"@id\":\"https:\\\/\\\/marbellaairporttransfer.com\\\/de\\\/#\\\/schema\\\/logo\\\/image\\\/\",\"url\":\"https:\\\/\\\/marbellaairporttransfer.com\\\/wp-content\\\/uploads\\\/2015\\\/08\\\/cropped-LOGO-MarbeTaxi-2-2.jpg\",\"contentUrl\":\"https:\\\/\\\/marbellaairporttransfer.com\\\/wp-content\\\/uploads\\\/2015\\\/08\\\/cropped-LOGO-MarbeTaxi-2-2.jpg\",\"width\":411,\"height\":46,\"caption\":\"MarbeTaxi\"},\"image\":{\"@id\":\"https:\\\/\\\/marbellaairporttransfer.com\\\/de\\\/#\\\/schema\\\/logo\\\/image\\\/\"},\"sameAs\":[\"https:\\\/\\\/www.facebook.com\\\/MarbeTaxi\",\"https:\\\/\\\/www.instagram.com\\\/MarbeTaxi\"]}]}<\/script>\n<!-- \/ Yoast SEO plugin. -->","yoast_head_json":{"title":"Marbella Airport Transfers | MarbeTaxi","description":"Marbella Airport Transfers: Luxury Taxi services by MarbeTaxi from Malaga Airport to Marbella. Travel with comfort and safety","robots":{"index":"index","follow":"nofollow","max-snippet":"max-snippet:-1","max-image-preview":"max-image-preview:large","max-video-preview":"max-video-preview:-1"},"canonical":"https:\/\/marbellaairporttransfer.com\/de\/buchungsseite\/","og_locale":"de_DE","og_type":"article","og_title":"Marbella Airport Transfers | MarbeTaxi","og_description":"Marbella Airport Transfers: Luxury Taxi services by MarbeTaxi from Malaga Airport to Marbella. Travel with comfort and safety","og_url":"https:\/\/marbellaairporttransfer.com\/de\/buchungsseite\/","og_site_name":"MarbeTaxi","article_publisher":"https:\/\/www.facebook.com\/MarbeTaxi","article_modified_time":"2025-06-03T01:54:10+00:00","twitter_card":"summary_large_image","twitter_misc":{"Gesch\u00e4tzte Lesezeit":"1\u00a0Minute"},"schema":{"@context":"https:\/\/schema.org","@graph":[{"@type":"WebPage","@id":"https:\/\/marbellaairporttransfer.com\/de\/buchungsseite\/","url":"https:\/\/marbellaairporttransfer.com\/de\/buchungsseite\/","name":"Marbella Airport Transfers | MarbeTaxi","isPartOf":{"@id":"https:\/\/marbellaairporttransfer.com\/de\/#website"},"datePublished":"2015-08-05T17:56:47+00:00","dateModified":"2025-06-03T01:54:10+00:00","description":"Marbella Airport Transfers: Luxury Taxi services by MarbeTaxi from Malaga Airport to Marbella. Travel with comfort and safety","breadcrumb":{"@id":"https:\/\/marbellaairporttransfer.com\/de\/buchungsseite\/#breadcrumb"},"inLanguage":"de","potentialAction":[{"@type":"ReadAction","target":["https:\/\/marbellaairporttransfer.com\/de\/buchungsseite\/"]}]},{"@type":"BreadcrumbList","@id":"https:\/\/marbellaairporttransfer.com\/de\/buchungsseite\/#breadcrumb","itemListElement":[{"@type":"ListItem","position":1,"name":"Home","item":"https:\/\/marbellaairporttransfer.com\/de\/"},{"@type":"ListItem","position":2,"name":"Buchungsseite"}]},{"@type":"WebSite","@id":"https:\/\/marbellaairporttransfer.com\/de\/#website","url":"https:\/\/marbellaairporttransfer.com\/de\/","name":"Marbella Airport Transfers","description":"Marbella Transfers | Dein Taxi vom Flughafen M\u00e1laga","publisher":{"@id":"https:\/\/marbellaairporttransfer.com\/de\/#organization"},"potentialAction":[{"@type":"SearchAction","target":{"@type":"EntryPoint","urlTemplate":"https:\/\/marbellaairporttransfer.com\/de\/?s={search_term_string}"},"query-input":{"@type":"PropertyValueSpecification","valueRequired":true,"valueName":"search_term_string"}}],"inLanguage":"de"},{"@type":"Organization","@id":"https:\/\/marbellaairporttransfer.com\/de\/#organization","name":"MarbeTaxi","url":"https:\/\/marbellaairporttransfer.com\/de\/","logo":{"@type":"ImageObject","inLanguage":"de","@id":"https:\/\/marbellaairporttransfer.com\/de\/#\/schema\/logo\/image\/","url":"https:\/\/marbellaairporttransfer.com\/wp-content\/uploads\/2015\/08\/cropped-LOGO-MarbeTaxi-2-2.jpg","contentUrl":"https:\/\/marbellaairporttransfer.com\/wp-content\/uploads\/2015\/08\/cropped-LOGO-MarbeTaxi-2-2.jpg","width":411,"height":46,"caption":"MarbeTaxi"},"image":{"@id":"https:\/\/marbellaairporttransfer.com\/de\/#\/schema\/logo\/image\/"},"sameAs":["https:\/\/www.facebook.com\/MarbeTaxi","https:\/\/www.instagram.com\/MarbeTaxi"]}]}},"_links":{"self":[{"href":"https:\/\/marbellaairporttransfer.com\/de\/wp-json\/wp\/v2\/pages\/1509","targetHints":{"allow":["GET"]}}],"collection":[{"href":"https:\/\/marbellaairporttransfer.com\/de\/wp-json\/wp\/v2\/pages"}],"about":[{"href":"https:\/\/marbellaairporttransfer.com\/de\/wp-json\/wp\/v2\/types\/page"}],"author":[{"embeddable":true,"href":"https:\/\/marbellaairporttransfer.com\/de\/wp-json\/wp\/v2\/users\/1"}],"replies":[{"embeddable":true,"href":"https:\/\/marbellaairporttransfer.com\/de\/wp-json\/wp\/v2\/comments?post=1509"}],"version-history":[{"count":2,"href":"https:\/\/marbellaairporttransfer.com\/de\/wp-json\/wp\/v2\/pages\/1509\/revisions"}],"predecessor-version":[{"id":1702,"href":"https:\/\/marbellaairporttransfer.com\/de\/wp-json\/wp\/v2\/pages\/1509\/revisions\/1702"}],"wp:attachment":[{"href":"https:\/\/marbellaairporttransfer.com\/de\/wp-json\/wp\/v2\/media?parent=1509"}],"curies":[{"name":"wp","href":"https:\/\/api.w.org\/{rel}","templated":true}]}}