{"id":1193,"date":"2023-02-26T02:41:49","date_gmt":"2023-02-26T02:41:49","guid":{"rendered":"https:\/\/marbellaairporttransfer.com\/datenschutzbestimmungen\/"},"modified":"2025-06-03T01:57:26","modified_gmt":"2025-06-03T01:57:26","slug":"datenschutzbestimmungen","status":"publish","type":"page","link":"https:\/\/marbellaairporttransfer.com\/de\/datenschutzbestimmungen\/","title":{"rendered":"Datenschutzbestimmungen"},"content":{"rendered":"<div id=\"ez-toc-container\" class=\"ez-toc-v2_0_82_2 counter-hierarchy ez-toc-counter ez-toc-grey ez-toc-container-direction\">\n<div class=\"ez-toc-title-container\">\n<p class=\"ez-toc-title\" style=\"cursor:inherit\">Table of Contents<\/p>\n<span class=\"ez-toc-title-toggle\"><a href=\"#\" class=\"ez-toc-pull-right ez-toc-btn ez-toc-btn-xs ez-toc-btn-default ez-toc-toggle\" aria-label=\"Toggle Table of Content\"><span class=\"ez-toc-js-icon-con\"><span class=\"\"><span class=\"eztoc-hide\" style=\"display:none;\">Toggle<\/span><span class=\"ez-toc-icon-toggle-span\"><svg style=\"fill: #999;color:#999\" xmlns=\"http:\/\/www.w3.org\/2000\/svg\" class=\"list-377408\" width=\"20px\" height=\"20px\" viewBox=\"0 0 24 24\" fill=\"none\"><path d=\"M6 6H4v2h2V6zm14 0H8v2h12V6zM4 11h2v2H4v-2zm16 0H8v2h12v-2zM4 16h2v2H4v-2zm16 0H8v2h12v-2z\" fill=\"currentColor\"><\/path><\/svg><svg style=\"fill: #999;color:#999\" class=\"arrow-unsorted-368013\" xmlns=\"http:\/\/www.w3.org\/2000\/svg\" width=\"10px\" height=\"10px\" viewBox=\"0 0 24 24\" version=\"1.2\" baseProfile=\"tiny\"><path d=\"M18.2 9.3l-6.2-6.3-6.2 6.3c-.2.2-.3.4-.3.7s.1.5.3.7c.2.2.4.3.7.3h11c.3 0 .5-.1.7-.3.2-.2.3-.5.3-.7s-.1-.5-.3-.7zM5.8 14.7l6.2 6.3 6.2-6.3c.2-.2.3-.5.3-.7s-.1-.5-.3-.7c-.2-.2-.4-.3-.7-.3h-11c-.3 0-.5.1-.7.3-.2.2-.3.5-.3.7s.1.5.3.7z\"\/><\/svg><\/span><\/span><\/span><\/a><\/span><\/div>\n<nav><ul class='ez-toc-list ez-toc-list-level-1 ' ><li class='ez-toc-page-1 ez-toc-heading-level-2'><a class=\"ez-toc-link ez-toc-heading-1\" href=\"https:\/\/marbellaairporttransfer.com\/de\/datenschutzbestimmungen\/#Wer_wir_sind\" >Wer wir sind<\/a><\/li><li class='ez-toc-page-1 ez-toc-heading-level-2'><a class=\"ez-toc-link ez-toc-heading-2\" href=\"https:\/\/marbellaairporttransfer.com\/de\/datenschutzbestimmungen\/#Kommentare\" >Kommentare<\/a><\/li><li class='ez-toc-page-1 ez-toc-heading-level-2'><a class=\"ez-toc-link ez-toc-heading-3\" href=\"https:\/\/marbellaairporttransfer.com\/de\/datenschutzbestimmungen\/#Medien\" >Medien<\/a><\/li><li class='ez-toc-page-1 ez-toc-heading-level-2'><a class=\"ez-toc-link ez-toc-heading-4\" href=\"https:\/\/marbellaairporttransfer.com\/de\/datenschutzbestimmungen\/#Cookies\" >Cookies<\/a><\/li><li class='ez-toc-page-1 ez-toc-heading-level-2'><a class=\"ez-toc-link ez-toc-heading-5\" href=\"https:\/\/marbellaairporttransfer.com\/de\/datenschutzbestimmungen\/#Eingebettete_Inhalte_von_anderen_Websites\" >Eingebettete Inhalte von anderen Websites<\/a><\/li><li class='ez-toc-page-1 ez-toc-heading-level-2'><a class=\"ez-toc-link ez-toc-heading-6\" href=\"https:\/\/marbellaairporttransfer.com\/de\/datenschutzbestimmungen\/#Mit_wem_wir_Ihre_Daten_teilen\" >Mit wem wir Ihre Daten teilen<\/a><\/li><li class='ez-toc-page-1 ez-toc-heading-level-2'><a class=\"ez-toc-link ez-toc-heading-7\" href=\"https:\/\/marbellaairporttransfer.com\/de\/datenschutzbestimmungen\/#Wie_lange_wir_Ihre_Daten_aufbewahren\" >Wie lange wir Ihre Daten aufbewahren<\/a><\/li><li class='ez-toc-page-1 ez-toc-heading-level-2'><a class=\"ez-toc-link ez-toc-heading-8\" href=\"https:\/\/marbellaairporttransfer.com\/de\/datenschutzbestimmungen\/#Welche_Rechte_Sie_ueber_Ihre_Daten_haben\" >Welche Rechte Sie \u00fcber Ihre Daten haben<\/a><\/li><li class='ez-toc-page-1 ez-toc-heading-level-2'><a class=\"ez-toc-link ez-toc-heading-9\" href=\"https:\/\/marbellaairporttransfer.com\/de\/datenschutzbestimmungen\/#Wohin_Ihre_Daten_gesendet_werden\" >Wohin Ihre Daten gesendet werden<\/a><\/li><\/ul><\/nav><\/div>\n<h2 class=\"wp-block-heading\"><span class=\"ez-toc-section\" id=\"Wer_wir_sind\"><\/span>Wer wir sind<span class=\"ez-toc-section-end\"><\/span><\/h2><p><strong class=\"privacy-policy-tutorial\">Vorgeschlagener Text: <\/strong>Unsere Website-Adresse lautet: https:\/\/marbellaairporttransfer.com.<\/p><h2 class=\"wp-block-heading\"><span class=\"ez-toc-section\" id=\"Kommentare\"><\/span>Kommentare<span class=\"ez-toc-section-end\"><\/span><\/h2><p><strong class=\"privacy-policy-tutorial\">Vorgeschlagener Text: <\/strong>Wenn Besucher Kommentare auf der Website hinterlassen, sammeln wir die Daten, die im Kommentarformular angezeigt werden, sowie die IP-Adresse des Besuchers und den User-Agent-String des Browsers, um die Spam-Erkennung zu erleichtern.<\/p><p>Eine anonymisierte Zeichenfolge, die aus Ihrer E-Mail-Adresse erstellt wird (auch Hash genannt), kann dem Gravatar-Dienst zur Verf\u00fcgung gestellt werden, um zu sehen, ob Sie ihn verwenden. Die Datenschutzbestimmungen des Gravatar-Dienstes finden Sie hier: https:\/\/automattic.com\/privacy\/. Nach der Genehmigung Ihres Kommentars ist Ihr Profilbild im Zusammenhang mit Ihrem Kommentar \u00f6ffentlich sichtbar.<\/p><h2 class=\"wp-block-heading\"><span class=\"ez-toc-section\" id=\"Medien\"><\/span>Medien<span class=\"ez-toc-section-end\"><\/span><\/h2><p><strong class=\"privacy-policy-tutorial\">Empfohlener Text: <\/strong>Wenn Sie Bilder auf die Website hochladen, sollten Sie es vermeiden, Bilder hochzuladen, die eingebettete Standortdaten (EXIF-GPS) enthalten. Besucher der Website k\u00f6nnen alle Standortdaten von Bildern auf der Website herunterladen und extrahieren.<\/p><h2 class=\"wp-block-heading\"><span class=\"ez-toc-section\" id=\"Cookies\"><\/span>Cookies<span class=\"ez-toc-section-end\"><\/span><\/h2><p><strong class=\"privacy-policy-tutorial\">Vorgeschlagener Text: <\/strong>Wenn Sie einen Kommentar auf unserer Website hinterlassen, k\u00f6nnen Sie der Speicherung Ihres Namens, Ihrer E-Mail-Adresse und Ihrer Website in Cookies zustimmen. Diese sind zu Ihrer Bequemlichkeit, damit Sie Ihre Daten nicht erneut eingeben m\u00fcssen, wenn Sie einen weiteren Kommentar hinterlassen. Diese Kekse sind ein Jahr lang haltbar.<\/p><p>Wenn Sie unsere Anmeldeseite besuchen, setzen wir ein tempor\u00e4res Cookie, um festzustellen, ob Ihr Browser Cookies zul\u00e4sst. Dieses Cookie enth\u00e4lt keine pers\u00f6nlichen Daten und wird verworfen, wenn Sie Ihren Browser schlie\u00dfen.<\/p><p>Wenn Sie sich anmelden, legen wir au\u00dferdem mehrere Cookies an, um Ihre Anmeldeinformationen und die Auswahl Ihrer Bildschirmdarstellung zu speichern. Login-Cookies sind zwei Tage lang g\u00fcltig, und Cookies f\u00fcr Bildschirmoptionen sind ein Jahr lang g\u00fcltig. Wenn Sie &#8222;Angemeldet bleiben&#8220; w\u00e4hlen, bleibt Ihr Login zwei Wochen lang erhalten. Wenn Sie sich von Ihrem Konto abmelden, werden die Anmelde-Cookies entfernt.<\/p><p>Wenn Sie einen Artikel bearbeiten oder ver\u00f6ffentlichen, wird ein zus\u00e4tzliches Cookie in Ihrem Browser gespeichert. Dieses Cookie enth\u00e4lt keine pers\u00f6nlichen Daten und zeigt lediglich die Post-ID des Artikels an, den Sie gerade bearbeitet haben. Er verf\u00e4llt nach 1 Tag.<\/p><h2 class=\"wp-block-heading\"><span class=\"ez-toc-section\" id=\"Eingebettete_Inhalte_von_anderen_Websites\"><\/span>Eingebettete Inhalte von anderen Websites<span class=\"ez-toc-section-end\"><\/span><\/h2><p><strong class=\"privacy-policy-tutorial\">Vorgeschlagener Text: <\/strong>Die Artikel auf dieser Website k\u00f6nnen eingebettete Inhalte enthalten (z. B. Videos, Bilder, Artikel usw.). Eingebettete Inhalte von anderen Websites verhalten sich genau so, als ob der Besucher die andere Website besucht h\u00e4tte.<\/p><p>Diese Websites k\u00f6nnen Daten \u00fcber Sie sammeln, Cookies verwenden, zus\u00e4tzliche Trackingfunktionen von Drittanbietern einbetten und Ihre Interaktion mit diesen eingebetteten Inhalten \u00fcberwachen, einschlie\u00dflich der Verfolgung Ihrer Interaktion mit den eingebetteten Inhalten, wenn Sie ein Konto haben und auf dieser Website angemeldet sind.<\/p><h2 class=\"wp-block-heading\"><span class=\"ez-toc-section\" id=\"Mit_wem_wir_Ihre_Daten_teilen\"><\/span>Mit wem wir Ihre Daten teilen<span class=\"ez-toc-section-end\"><\/span><\/h2><p><strong class=\"privacy-policy-tutorial\">Vorgeschlagener Text: <\/strong>Wenn Sie ein Passwort zur\u00fccksetzen lassen, wird Ihre IP-Adresse in der E-Mail zum Zur\u00fccksetzen enthalten sein.<\/p><h2 class=\"wp-block-heading\"><span class=\"ez-toc-section\" id=\"Wie_lange_wir_Ihre_Daten_aufbewahren\"><\/span>Wie lange wir Ihre Daten aufbewahren<span class=\"ez-toc-section-end\"><\/span><\/h2><p><strong class=\"privacy-policy-tutorial\">Vorgeschlagener Text: <\/strong>Wenn Sie einen Kommentar hinterlassen, werden der Kommentar und seine Metadaten auf unbestimmte Zeit gespeichert. Auf diese Weise k\u00f6nnen wir Folgekommentare automatisch erkennen und genehmigen, anstatt sie in einer Moderationswarteschlange zu halten.<\/p><p>F\u00fcr Benutzer, die sich auf unserer Website registrieren (falls vorhanden), speichern wir auch die pers\u00f6nlichen Daten, die sie in ihrem Benutzerprofil angeben. Alle Benutzer k\u00f6nnen ihre pers\u00f6nlichen Daten jederzeit einsehen, bearbeiten oder l\u00f6schen (au\u00dfer sie k\u00f6nnen ihren Benutzernamen nicht \u00e4ndern). Website-Administratoren k\u00f6nnen diese Informationen ebenfalls sehen und bearbeiten.<\/p><h2 class=\"wp-block-heading\"><span class=\"ez-toc-section\" id=\"Welche_Rechte_Sie_ueber_Ihre_Daten_haben\"><\/span>Welche Rechte Sie \u00fcber Ihre Daten haben<span class=\"ez-toc-section-end\"><\/span><\/h2><p><strong class=\"privacy-policy-tutorial\">Vorgeschlagener Text: <\/strong>Wenn Sie ein Konto auf dieser Website haben oder Kommentare hinterlassen haben, k\u00f6nnen Sie eine exportierte Datei der pers\u00f6nlichen Daten anfordern, die wir \u00fcber Sie gespeichert haben, einschlie\u00dflich aller Daten, die Sie uns zur Verf\u00fcgung gestellt haben. Sie k\u00f6nnen auch verlangen, dass wir alle pers\u00f6nlichen Daten, die wir \u00fcber Sie gespeichert haben, l\u00f6schen. Dies gilt nicht f\u00fcr Daten, die wir aus administrativen, rechtlichen oder Sicherheitsgr\u00fcnden aufbewahren m\u00fcssen.<\/p><h2 class=\"wp-block-heading\"><span class=\"ez-toc-section\" id=\"Wohin_Ihre_Daten_gesendet_werden\"><\/span>Wohin Ihre Daten gesendet werden<span class=\"ez-toc-section-end\"><\/span><\/h2><p><strong class=\"privacy-policy-tutorial\">Vorgeschlagener Text: <\/strong>Besucherkommentare k\u00f6nnen durch einen automatischen Spam-Erkennungsdienst \u00fcberpr\u00fcft werden.<\/p>","protected":false},"excerpt":{"rendered":"<p>Wer wir sind Vorgeschlagener Text: Unsere Website-Adresse lautet: https:\/\/marbellaairporttransfer.com. Kommentare Vorgeschlagener Text: Wenn Besucher Kommentare auf der Website hinterlassen, sammeln wir die Daten, die im Kommentarformular angezeigt werden, sowie die IP-Adresse des Besuchers und den User-Agent-String des Browsers, um die Spam-Erkennung zu erleichtern. Eine anonymisierte Zeichenfolge, die aus Ihrer E-Mail-Adresse erstellt wird (auch Hash genannt), [&hellip;]<\/p>\n","protected":false},"author":1,"featured_media":0,"parent":0,"menu_order":0,"comment_status":"closed","ping_status":"closed","template":"","meta":{"_monsterinsights_skip_tracking":false,"_monsterinsights_sitenote_active":false,"_monsterinsights_sitenote_note":"","_monsterinsights_sitenote_category":0,"footnotes":""},"class_list":["post-1193","page","type-page","status-publish","hentry"],"yoast_head":"<!-- This site is optimized with the Yoast SEO plugin v27.3 - https:\/\/yoast.com\/product\/yoast-seo-wordpress\/ -->\n<title>Flughafentransfers M\u00e1laga \u2013 Marbella | MarbeTaxi<\/title>\n<meta name=\"description\" content=\"Marbella Flughafentransfers: Luxus mit MarbeTaxi \u2013 vom Flughafen M\u00e1laga nach Marbella. Komfort und Sicherheit garantiert.\" \/>\n<meta name=\"robots\" content=\"noindex, follow\" \/>\n<meta property=\"og:locale\" content=\"de_DE\" \/>\n<meta property=\"og:type\" content=\"article\" \/>\n<meta property=\"og:title\" content=\"Flughafentransfers M\u00e1laga \u2013 Marbella | MarbeTaxi\" \/>\n<meta property=\"og:description\" content=\"Marbella Flughafentransfers: Luxus mit MarbeTaxi \u2013 vom Flughafen M\u00e1laga nach Marbella. Komfort und Sicherheit garantiert.\" \/>\n<meta property=\"og:url\" content=\"https:\/\/marbellaairporttransfer.com\/de\/datenschutzbestimmungen\/\" \/>\n<meta property=\"og:site_name\" content=\"MarbeTaxi\" \/>\n<meta property=\"article:publisher\" content=\"https:\/\/www.facebook.com\/MarbeTaxi\" \/>\n<meta property=\"article:modified_time\" content=\"2025-06-03T01:57:26+00:00\" \/>\n<meta name=\"twitter:card\" content=\"summary_large_image\" \/>\n<meta name=\"twitter:label1\" content=\"Gesch\u00e4tzte Lesezeit\" \/>\n\t<meta name=\"twitter:data1\" content=\"3\u00a0Minuten\" \/>\n<script type=\"application\/ld+json\" class=\"yoast-schema-graph\">{\"@context\":\"https:\\\/\\\/schema.org\",\"@graph\":[{\"@type\":\"WebPage\",\"@id\":\"https:\\\/\\\/marbellaairporttransfer.com\\\/de\\\/datenschutzbestimmungen\\\/\",\"url\":\"https:\\\/\\\/marbellaairporttransfer.com\\\/de\\\/datenschutzbestimmungen\\\/\",\"name\":\"Flughafentransfers M\u00e1laga \u2013 Marbella | MarbeTaxi\",\"isPartOf\":{\"@id\":\"https:\\\/\\\/marbellaairporttransfer.com\\\/de\\\/#website\"},\"datePublished\":\"2023-02-26T02:41:49+00:00\",\"dateModified\":\"2025-06-03T01:57:26+00:00\",\"description\":\"Marbella Flughafentransfers: Luxus mit MarbeTaxi \u2013 vom Flughafen M\u00e1laga nach Marbella. Komfort und Sicherheit garantiert.\",\"breadcrumb\":{\"@id\":\"https:\\\/\\\/marbellaairporttransfer.com\\\/de\\\/datenschutzbestimmungen\\\/#breadcrumb\"},\"inLanguage\":\"de\",\"potentialAction\":[{\"@type\":\"ReadAction\",\"target\":[\"https:\\\/\\\/marbellaairporttransfer.com\\\/de\\\/datenschutzbestimmungen\\\/\"]}]},{\"@type\":\"BreadcrumbList\",\"@id\":\"https:\\\/\\\/marbellaairporttransfer.com\\\/de\\\/datenschutzbestimmungen\\\/#breadcrumb\",\"itemListElement\":[{\"@type\":\"ListItem\",\"position\":1,\"name\":\"Home\",\"item\":\"https:\\\/\\\/marbellaairporttransfer.com\\\/de\\\/\"},{\"@type\":\"ListItem\",\"position\":2,\"name\":\"Datenschutzbestimmungen\"}]},{\"@type\":\"WebSite\",\"@id\":\"https:\\\/\\\/marbellaairporttransfer.com\\\/de\\\/#website\",\"url\":\"https:\\\/\\\/marbellaairporttransfer.com\\\/de\\\/\",\"name\":\"Marbella Airport Transfers\",\"description\":\"Marbella Transfers | Dein Taxi vom Flughafen M\u00e1laga\",\"publisher\":{\"@id\":\"https:\\\/\\\/marbellaairporttransfer.com\\\/de\\\/#organization\"},\"potentialAction\":[{\"@type\":\"SearchAction\",\"target\":{\"@type\":\"EntryPoint\",\"urlTemplate\":\"https:\\\/\\\/marbellaairporttransfer.com\\\/de\\\/?s={search_term_string}\"},\"query-input\":{\"@type\":\"PropertyValueSpecification\",\"valueRequired\":true,\"valueName\":\"search_term_string\"}}],\"inLanguage\":\"de\"},{\"@type\":\"Organization\",\"@id\":\"https:\\\/\\\/marbellaairporttransfer.com\\\/de\\\/#organization\",\"name\":\"MarbeTaxi\",\"url\":\"https:\\\/\\\/marbellaairporttransfer.com\\\/de\\\/\",\"logo\":{\"@type\":\"ImageObject\",\"inLanguage\":\"de\",\"@id\":\"https:\\\/\\\/marbellaairporttransfer.com\\\/de\\\/#\\\/schema\\\/logo\\\/image\\\/\",\"url\":\"https:\\\/\\\/marbellaairporttransfer.com\\\/wp-content\\\/uploads\\\/2015\\\/08\\\/cropped-LOGO-MarbeTaxi-2-2.jpg\",\"contentUrl\":\"https:\\\/\\\/marbellaairporttransfer.com\\\/wp-content\\\/uploads\\\/2015\\\/08\\\/cropped-LOGO-MarbeTaxi-2-2.jpg\",\"width\":411,\"height\":46,\"caption\":\"MarbeTaxi\"},\"image\":{\"@id\":\"https:\\\/\\\/marbellaairporttransfer.com\\\/de\\\/#\\\/schema\\\/logo\\\/image\\\/\"},\"sameAs\":[\"https:\\\/\\\/www.facebook.com\\\/MarbeTaxi\",\"https:\\\/\\\/www.instagram.com\\\/MarbeTaxi\"]}]}<\/script>\n<!-- \/ Yoast SEO plugin. -->","yoast_head_json":{"title":"Flughafentransfers M\u00e1laga \u2013 Marbella | MarbeTaxi","description":"Marbella Flughafentransfers: Luxus mit MarbeTaxi \u2013 vom Flughafen M\u00e1laga nach Marbella. Komfort und Sicherheit garantiert.","robots":{"index":"noindex","follow":"follow"},"og_locale":"de_DE","og_type":"article","og_title":"Flughafentransfers M\u00e1laga \u2013 Marbella | MarbeTaxi","og_description":"Marbella Flughafentransfers: Luxus mit MarbeTaxi \u2013 vom Flughafen M\u00e1laga nach Marbella. Komfort und Sicherheit garantiert.","og_url":"https:\/\/marbellaairporttransfer.com\/de\/datenschutzbestimmungen\/","og_site_name":"MarbeTaxi","article_publisher":"https:\/\/www.facebook.com\/MarbeTaxi","article_modified_time":"2025-06-03T01:57:26+00:00","twitter_card":"summary_large_image","twitter_misc":{"Gesch\u00e4tzte Lesezeit":"3\u00a0Minuten"},"schema":{"@context":"https:\/\/schema.org","@graph":[{"@type":"WebPage","@id":"https:\/\/marbellaairporttransfer.com\/de\/datenschutzbestimmungen\/","url":"https:\/\/marbellaairporttransfer.com\/de\/datenschutzbestimmungen\/","name":"Flughafentransfers M\u00e1laga \u2013 Marbella | MarbeTaxi","isPartOf":{"@id":"https:\/\/marbellaairporttransfer.com\/de\/#website"},"datePublished":"2023-02-26T02:41:49+00:00","dateModified":"2025-06-03T01:57:26+00:00","description":"Marbella Flughafentransfers: Luxus mit MarbeTaxi \u2013 vom Flughafen M\u00e1laga nach Marbella. Komfort und Sicherheit garantiert.","breadcrumb":{"@id":"https:\/\/marbellaairporttransfer.com\/de\/datenschutzbestimmungen\/#breadcrumb"},"inLanguage":"de","potentialAction":[{"@type":"ReadAction","target":["https:\/\/marbellaairporttransfer.com\/de\/datenschutzbestimmungen\/"]}]},{"@type":"BreadcrumbList","@id":"https:\/\/marbellaairporttransfer.com\/de\/datenschutzbestimmungen\/#breadcrumb","itemListElement":[{"@type":"ListItem","position":1,"name":"Home","item":"https:\/\/marbellaairporttransfer.com\/de\/"},{"@type":"ListItem","position":2,"name":"Datenschutzbestimmungen"}]},{"@type":"WebSite","@id":"https:\/\/marbellaairporttransfer.com\/de\/#website","url":"https:\/\/marbellaairporttransfer.com\/de\/","name":"Marbella Airport Transfers","description":"Marbella Transfers | Dein Taxi vom Flughafen M\u00e1laga","publisher":{"@id":"https:\/\/marbellaairporttransfer.com\/de\/#organization"},"potentialAction":[{"@type":"SearchAction","target":{"@type":"EntryPoint","urlTemplate":"https:\/\/marbellaairporttransfer.com\/de\/?s={search_term_string}"},"query-input":{"@type":"PropertyValueSpecification","valueRequired":true,"valueName":"search_term_string"}}],"inLanguage":"de"},{"@type":"Organization","@id":"https:\/\/marbellaairporttransfer.com\/de\/#organization","name":"MarbeTaxi","url":"https:\/\/marbellaairporttransfer.com\/de\/","logo":{"@type":"ImageObject","inLanguage":"de","@id":"https:\/\/marbellaairporttransfer.com\/de\/#\/schema\/logo\/image\/","url":"https:\/\/marbellaairporttransfer.com\/wp-content\/uploads\/2015\/08\/cropped-LOGO-MarbeTaxi-2-2.jpg","contentUrl":"https:\/\/marbellaairporttransfer.com\/wp-content\/uploads\/2015\/08\/cropped-LOGO-MarbeTaxi-2-2.jpg","width":411,"height":46,"caption":"MarbeTaxi"},"image":{"@id":"https:\/\/marbellaairporttransfer.com\/de\/#\/schema\/logo\/image\/"},"sameAs":["https:\/\/www.facebook.com\/MarbeTaxi","https:\/\/www.instagram.com\/MarbeTaxi"]}]}},"_links":{"self":[{"href":"https:\/\/marbellaairporttransfer.com\/de\/wp-json\/wp\/v2\/pages\/1193","targetHints":{"allow":["GET"]}}],"collection":[{"href":"https:\/\/marbellaairporttransfer.com\/de\/wp-json\/wp\/v2\/pages"}],"about":[{"href":"https:\/\/marbellaairporttransfer.com\/de\/wp-json\/wp\/v2\/types\/page"}],"author":[{"embeddable":true,"href":"https:\/\/marbellaairporttransfer.com\/de\/wp-json\/wp\/v2\/users\/1"}],"replies":[{"embeddable":true,"href":"https:\/\/marbellaairporttransfer.com\/de\/wp-json\/wp\/v2\/comments?post=1193"}],"version-history":[{"count":2,"href":"https:\/\/marbellaairporttransfer.com\/de\/wp-json\/wp\/v2\/pages\/1193\/revisions"}],"predecessor-version":[{"id":1198,"href":"https:\/\/marbellaairporttransfer.com\/de\/wp-json\/wp\/v2\/pages\/1193\/revisions\/1198"}],"wp:attachment":[{"href":"https:\/\/marbellaairporttransfer.com\/de\/wp-json\/wp\/v2\/media?parent=1193"}],"curies":[{"name":"wp","href":"https:\/\/api.w.org\/{rel}","templated":true}]}}